{"id":4838,"date":"2021-09-29T09:49:47","date_gmt":"2021-09-29T14:49:47","guid":{"rendered":"https:\/\/juanagomezofficial.com\/product\/maxiscarf-dulce-rosa\/"},"modified":"2026-05-05T20:22:33","modified_gmt":"2026-05-06T01:22:33","slug":"maxiscarf-dulce-rosa","status":"publish","type":"product","link":"https:\/\/juanagomezofficial.com\/en\/product\/maxiscarf-dulce-rosa\/","title":{"rendered":"Maxiscarf Dulce Rosa"},"content":{"rendered":"<p><b>Env\u00edo de 2 a 3 d\u00edas\u00a0h\u00e1biles.<\/b><\/p>\n<p>Nuestra nueva pieza llega volando a la colecci\u00f3n Entrenubes.<\/p>\n<p>Es la prenda doble faz m\u00e1s vers\u00e1til que conocer\u00e1s, puedes usarla de 4 formas diferentes!!!<\/p>\n<ul>\n<li>Material: 100% Lana Acr\u00edlica<\/li>\n<li>Pa\u00eds de fabricaci\u00f3n: Colombia<\/li>\n<li>Cuidados:<\/li>\n<li>No lavado en seco<\/li>\n<li>No secadora<\/li>\n<li>No blanqueador<\/li>\n<li>Secar extendido a la sombra en superficie plana<\/li>\n<li>Almacenar doblado, no colgar<\/li>\n<li>Planchar a temperatura baja-media (no mayor a 100\u00b0C) |en| Garment from our new Entrenubes Collection, It is the most versatile reversible garment you will know, you can use it in 4 different ways !!!<\/li>\n<li>Material: 100% Acrylic Wool<\/li>\n<li>Country of Manufacture: Colombia<\/li>\n<li>Care:<\/li>\n<li>Not dry clean<\/li>\n<li>No tumble dryer<\/li>\n<li>No bleach<\/li>\n<li>Dry spread in the shade on a flat surface<\/li>\n<li>Store folded, do not hang<\/li>\n<li>Iron at low-medium temperature (no higher than 100 \u00b0C)<\/li>\n<\/ul>","protected":false},"excerpt":{"rendered":"<p>Env\u00edo de 2 a 3 d\u00edas\u00a0h\u00e1biles. Nuestra nueva pieza llega volando a la colecci\u00f3n Entrenubes. Es la prenda doble faz m\u00e1s vers\u00e1til que conocer\u00e1s, puedes usarla de 4 formas diferentes!!! Material: 100% Lana Acr\u00edlica Pa\u00eds de fabricaci\u00f3n: Colombia Cuidados: No lavado en seco No secadora No blanqueador Secar extendido a [&hellip;]<\/p>\n","protected":false},"featured_media":5113,"template":"","meta":[],"product_brand":[],"product_cat":[111,113,77],"product_tag":[],"class_list":{"0":"post-4838","1":"product","2":"type-product","3":"status-publish","4":"has-post-thumbnail","6":"product_cat-colecciones","7":"product_cat-entrenubes","8":"product_cat-maxiscarfs","10":"first","11":"instock","12":"taxable","13":"shipping-taxable","14":"purchasable","15":"product-type-simple"},"_links":{"self":[{"href":"https:\/\/juanagomezofficial.com\/en\/wp-json\/wp\/v2\/product\/4838","targetHints":{"allow":["GET"]}}],"collection":[{"href":"https:\/\/juanagomezofficial.com\/en\/wp-json\/wp\/v2\/product"}],"about":[{"href":"https:\/\/juanagomezofficial.com\/en\/wp-json\/wp\/v2\/types\/product"}],"wp:featuredmedia":[{"embeddable":true,"href":"https:\/\/juanagomezofficial.com\/en\/wp-json\/wp\/v2\/media\/5113"}],"wp:attachment":[{"href":"https:\/\/juanagomezofficial.com\/en\/wp-json\/wp\/v2\/media?parent=4838"}],"wp:term":[{"taxonomy":"product_brand","embeddable":true,"href":"https:\/\/juanagomezofficial.com\/en\/wp-json\/wp\/v2\/product_brand?post=4838"},{"taxonomy":"product_cat","embeddable":true,"href":"https:\/\/juanagomezofficial.com\/en\/wp-json\/wp\/v2\/product_cat?post=4838"},{"taxonomy":"product_tag","embeddable":true,"href":"https:\/\/juanagomezofficial.com\/en\/wp-json\/wp\/v2\/product_tag?post=4838"}],"curies":[{"name":"wp","href":"https:\/\/api.w.org\/{rel}","templated":true}]}}