{"id":4831,"date":"2021-09-29T09:49:47","date_gmt":"2021-09-29T14:49:47","guid":{"rendered":"https:\/\/juanagomezofficial.com\/product\/poncho-dulce-fucsia\/"},"modified":"2025-05-29T16:07:08","modified_gmt":"2025-05-29T21:07:08","slug":"poncho-dulce-fucsia","status":"publish","type":"product","link":"https:\/\/juanagomezofficial.com\/en\/product\/poncho-dulce-fucsia\/","title":{"rendered":"Poncho Dulce Fucsia"},"content":{"rendered":"<p><strong>ENV\u00cdO: 2 a 3 D\u00cdAS H\u00c1BILES.<\/strong><\/p>\n<p>Vivamos y vistamos de Hogares Dulces!!!<\/p>\n<ul>\n<li>La prenda cuenta con una modificaci\u00f3n que simula mangas para mayor comodidad en el uso diario.<\/li>\n<li>Material: 100% Lana Acr\u00edlica<\/li>\n<li>Pa\u00eds de fabricaci\u00f3n: Colombia<\/li>\n<li>Cuidados:<\/li>\n<li>No lavado en seco<\/li>\n<li>No secadora<\/li>\n<li>No blanqueador<\/li>\n<li>Secar extendido a la sombra en superficie plana<\/li>\n<li>Almacenar doblado, no colgar<\/li>\n<li>Planchar a temperatura baja-media (no mayor a 100\u00b0C) |en| Featuring a sleeve-simulating modification for everyday comfort.<\/li>\n<li>Material: 100% Acrylic Wool<\/li>\n<li>Country of Manufacture: Colombia<\/li>\n<li>Care:<\/li>\n<li>Not dry clean<\/li>\n<li>No tumble dryer<\/li>\n<li>No bleach<\/li>\n<li>Dry spread in the shade on a flat surface<\/li>\n<li>Store folded, do not hang<\/li>\n<li>Iron at low-medium temperature (no higher than 100 \u00b0C)<\/li>\n<\/ul>","protected":false},"excerpt":{"rendered":"<p>ENV\u00cdO: 2 a 3 D\u00cdAS H\u00c1BILES. Vivamos y vistamos de Hogares Dulces!!! La prenda cuenta con una modificaci\u00f3n que simula mangas para mayor comodidad en el uso diario. Material: 100% Lana Acr\u00edlica Pa\u00eds de fabricaci\u00f3n: Colombia Cuidados: No lavado en seco No secadora No blanqueador Secar extendido a la sombra [&hellip;]<\/p>\n","protected":false},"featured_media":4297,"template":"","meta":[],"product_brand":[],"product_cat":[111,113,74],"product_tag":[],"class_list":{"0":"post-4831","1":"product","2":"type-product","3":"status-publish","4":"has-post-thumbnail","6":"product_cat-colecciones","7":"product_cat-entrenubes","8":"product_cat-ponchos","10":"first","11":"instock","12":"taxable","13":"shipping-taxable","14":"purchasable","15":"product-type-simple"},"_links":{"self":[{"href":"https:\/\/juanagomezofficial.com\/en\/wp-json\/wp\/v2\/product\/4831","targetHints":{"allow":["GET"]}}],"collection":[{"href":"https:\/\/juanagomezofficial.com\/en\/wp-json\/wp\/v2\/product"}],"about":[{"href":"https:\/\/juanagomezofficial.com\/en\/wp-json\/wp\/v2\/types\/product"}],"wp:featuredmedia":[{"embeddable":true,"href":"https:\/\/juanagomezofficial.com\/en\/wp-json\/wp\/v2\/media\/4297"}],"wp:attachment":[{"href":"https:\/\/juanagomezofficial.com\/en\/wp-json\/wp\/v2\/media?parent=4831"}],"wp:term":[{"taxonomy":"product_brand","embeddable":true,"href":"https:\/\/juanagomezofficial.com\/en\/wp-json\/wp\/v2\/product_brand?post=4831"},{"taxonomy":"product_cat","embeddable":true,"href":"https:\/\/juanagomezofficial.com\/en\/wp-json\/wp\/v2\/product_cat?post=4831"},{"taxonomy":"product_tag","embeddable":true,"href":"https:\/\/juanagomezofficial.com\/en\/wp-json\/wp\/v2\/product_tag?post=4831"}],"curies":[{"name":"wp","href":"https:\/\/api.w.org\/{rel}","templated":true}]}}