{"id":4771,"date":"2021-09-29T09:49:41","date_gmt":"2021-09-29T14:49:41","guid":{"rendered":"https:\/\/juanagomezofficial.com\/product\/poncho-lluvia-negro\/"},"modified":"2025-01-22T21:40:37","modified_gmt":"2025-01-23T02:40:37","slug":"poncho-lluvia-negro","status":"publish","type":"product","link":"https:\/\/juanagomezofficial.com\/en\/product\/poncho-lluvia-negro\/","title":{"rendered":"Poncho Lluvia Negro"},"content":{"rendered":"<p><strong>ENV\u00cdO:\u00a0 2 a 3 D\u00cdAS H\u00c1BILES<\/strong><\/p>\n<p>Amar\u00e1s a tu Poncho Lluvia, tanto como nosotros!<\/p>\n<p>Prenda en tejido de punto con nuestro dise\u00f1o de manchas irregulares, cuenta con una modificaci\u00f3n que simula mangas para mayor comodidad en el uso diario. Gracias a sus acabados es una prenda que puede ser usada por su rev\u00e9s.<\/p>\n<ul>\n<li>Material: 100% Lana Acr\u00edlica<\/li>\n<li>Pa\u00eds de fabricaci\u00f3n: Colombia<\/li>\n<li>Cuidados:<\/li>\n<li>No lavado en seco<\/li>\n<li>No secadora<\/li>\n<li>No blanqueador<\/li>\n<li>Secar extendido a la sombra en superficie plana<\/li>\n<li>Almacenar doblado, no colgar<\/li>\n<li>Planchar a temperatura baja-media (no mayor a 100\u00b0C)<\/li>\n<\/ul>\n<p>|en| You will love your Poncho Lluvia, as much as we do!<\/p>\n<p>Knit garment with our iconic uneven dots design, featuring a sleeve-simulating modification for everyday comfort. Thanks to its finishes it is a reversible garment.<\/p>\n<ul>\n<li>Material: 100% Acrylic Wool<\/li>\n<li>Country of Manufacture: Colombia<\/li>\n<li>Care:<\/li>\n<li>Not dry clean<\/li>\n<li>No tumble dryer<\/li>\n<li>No bleach<\/li>\n<li>Dry spread in the shade on a flat surface<\/li>\n<li>Store folded, do not hang<\/li>\n<li>Iron at low-medium temperature (no higher than 100 \u00b0C)<\/li>\n<\/ul>","protected":false},"excerpt":{"rendered":"<p>ENV\u00cdO:\u00a0 2 a 3 D\u00cdAS H\u00c1BILES Amar\u00e1s a tu Poncho Lluvia, tanto como nosotros! Prenda en tejido de punto con nuestro dise\u00f1o de manchas irregulares, cuenta con una modificaci\u00f3n que simula mangas para mayor comodidad en el uso diario. Gracias a sus acabados es una prenda que puede ser usada [&hellip;]<\/p>\n","protected":false},"featured_media":6421,"template":"","meta":[],"product_brand":[],"product_cat":[111,112,74],"product_tag":[],"class_list":{"0":"post-4771","1":"product","2":"type-product","3":"status-publish","4":"has-post-thumbnail","6":"product_cat-colecciones","7":"product_cat-cuore-amore","8":"product_cat-ponchos","10":"first","11":"instock","12":"taxable","13":"shipping-taxable","14":"purchasable","15":"product-type-simple"},"_links":{"self":[{"href":"https:\/\/juanagomezofficial.com\/en\/wp-json\/wp\/v2\/product\/4771","targetHints":{"allow":["GET"]}}],"collection":[{"href":"https:\/\/juanagomezofficial.com\/en\/wp-json\/wp\/v2\/product"}],"about":[{"href":"https:\/\/juanagomezofficial.com\/en\/wp-json\/wp\/v2\/types\/product"}],"wp:featuredmedia":[{"embeddable":true,"href":"https:\/\/juanagomezofficial.com\/en\/wp-json\/wp\/v2\/media\/6421"}],"wp:attachment":[{"href":"https:\/\/juanagomezofficial.com\/en\/wp-json\/wp\/v2\/media?parent=4771"}],"wp:term":[{"taxonomy":"product_brand","embeddable":true,"href":"https:\/\/juanagomezofficial.com\/en\/wp-json\/wp\/v2\/product_brand?post=4771"},{"taxonomy":"product_cat","embeddable":true,"href":"https:\/\/juanagomezofficial.com\/en\/wp-json\/wp\/v2\/product_cat?post=4771"},{"taxonomy":"product_tag","embeddable":true,"href":"https:\/\/juanagomezofficial.com\/en\/wp-json\/wp\/v2\/product_tag?post=4771"}],"curies":[{"name":"wp","href":"https:\/\/api.w.org\/{rel}","templated":true}]}}