{"id":4770,"date":"2021-09-29T09:49:41","date_gmt":"2021-09-29T14:49:41","guid":{"rendered":"https:\/\/juanagomezofficial.com\/product\/cuore-pin\/"},"modified":"2026-03-10T10:16:05","modified_gmt":"2026-03-10T15:16:05","slug":"cuore-pin","status":"publish","type":"product","link":"https:\/\/juanagomezofficial.com\/en\/product\/cuore-pin\/","title":{"rendered":"Cuore Pin"},"content":{"rendered":"<p><strong>Env\u00edo: 2 a 3 d\u00edas h\u00e1biles.<\/strong><\/p>\n<p>Nuestro Cuore Pin te acompa\u00f1ar\u00e1 donde sea que vayas!<\/p>\n<ul>\n<li>Pin met\u00e1lico dorado con resina color rojo.<\/li>\n<li>Medidas: 1.6cm (ancho) X 1.4 (largo)<\/li>\n<li>Cuidados: Evitar el contacto con el agua, lacas, cremas, agua de mar o perfumes. No usarlas al momento de ba\u00f1arse, nadar o hacer deporte.<\/li>\n<li>Pa\u00eds de fabricaci\u00f3n: Colombia |en| Our Cuore Pin will be with you wherever you go!<\/li>\n<li>Golden metallic pin with red resin.<\/li>\n<li>Material: 100% Brass<\/li>\n<li>Measurements: 1.6cm (width) X 1.4 (length)<\/li>\n<li>We do recommend taking off your Cuore Pin when swimming, showering and permoning any sports. Avoid exposure to water, hairspray, sopa, lotion, salt water and perfume. Do not clean with alcohol, acetone or corrosive substances.<\/li>\n<li>Country of Manufacture: Colombia<\/li>\n<\/ul>","protected":false},"excerpt":{"rendered":"<p>Env\u00edo: 2 a 3 d\u00edas h\u00e1biles. Nuestro Cuore Pin te acompa\u00f1ar\u00e1 donde sea que vayas! Pin met\u00e1lico dorado con resina color rojo. Medidas: 1.6cm (ancho) X 1.4 (largo) Cuidados: Evitar el contacto con el agua, lacas, cremas, agua de mar o perfumes. No usarlas al momento de ba\u00f1arse, nadar o [&hellip;]<\/p>","protected":false},"featured_media":4179,"template":"","meta":[],"product_brand":[],"product_cat":[180,78],"product_tag":[],"class_list":{"0":"post-4770","1":"product","2":"type-product","3":"status-publish","4":"has-post-thumbnail","6":"product_cat-ver-todo-accesorios","7":"product_cat-accesorios","9":"first","10":"instock","11":"taxable","12":"shipping-taxable","13":"purchasable","14":"product-type-simple"},"_links":{"self":[{"href":"https:\/\/juanagomezofficial.com\/en\/wp-json\/wp\/v2\/product\/4770","targetHints":{"allow":["GET"]}}],"collection":[{"href":"https:\/\/juanagomezofficial.com\/en\/wp-json\/wp\/v2\/product"}],"about":[{"href":"https:\/\/juanagomezofficial.com\/en\/wp-json\/wp\/v2\/types\/product"}],"wp:featuredmedia":[{"embeddable":true,"href":"https:\/\/juanagomezofficial.com\/en\/wp-json\/wp\/v2\/media\/4179"}],"wp:attachment":[{"href":"https:\/\/juanagomezofficial.com\/en\/wp-json\/wp\/v2\/media?parent=4770"}],"wp:term":[{"taxonomy":"product_brand","embeddable":true,"href":"https:\/\/juanagomezofficial.com\/en\/wp-json\/wp\/v2\/product_brand?post=4770"},{"taxonomy":"product_cat","embeddable":true,"href":"https:\/\/juanagomezofficial.com\/en\/wp-json\/wp\/v2\/product_cat?post=4770"},{"taxonomy":"product_tag","embeddable":true,"href":"https:\/\/juanagomezofficial.com\/en\/wp-json\/wp\/v2\/product_tag?post=4770"}],"curies":[{"name":"wp","href":"https:\/\/api.w.org\/{rel}","templated":true}]}}