{"id":10789,"date":"2026-03-26T17:22:45","date_gmt":"2026-03-26T22:22:45","guid":{"rendered":"https:\/\/juanagomezofficial.com\/?post_type=product&#038;p=10789"},"modified":"2026-04-06T21:11:28","modified_gmt":"2026-04-07T02:11:28","slug":"maxi-collar-alma","status":"publish","type":"product","link":"https:\/\/juanagomezofficial.com\/en\/product\/maxi-collar-alma\/","title":{"rendered":"Maxi Collar Alma"},"content":{"rendered":"<p><strong>\u2022ENV\u00cdO: 2 a 3 D\u00cdAS H\u00c1BILES <\/strong><\/p>\n<p>Pieza tejida a mano con mostacillas, aplicadas una a una por manos ind\u00edgenas. Cuenta con broche en la espalda con 3 medidas para abrochar, que permite un mejor ajuste y flecos de mostacillas en todo el contorno. Una pieza elegante, cargada de herencia cultural y valor artesanal.<br \/>\n<strong>Composici\u00f3n:<\/strong> Mostacillas pl\u00e1sticas<\/p>\n<h5>Trabajamos con comunidades ind\u00edgenas de Colombia, incluyendo Ember\u00e1, D\u00f3bida, Eyabida, Inga y Kam\u00ebnts\u00e1.<\/h5>\n<p>|en|<\/p>\n<p><strong>\u2022Shipping: 3-6 working days<\/strong><\/p>\n<p>Handcrafted with beads, applied one by one by Indigenous artisans, this piece features a back clasp with three adjustable fastening positions for a better fit, as well as beaded fringe all around the silhouette, enhancing its movement and visual richness. An elegant design that honors cultural heritage and artisanal craftsmanship.<br \/>\n<strong>Composition:<\/strong> Plastic beads.<\/p>\n<h5>We work with Indigenous communities in Colombia, including the Ember\u00e1, D\u00f3bida, Eyabida, Inga, and Kam\u00ebnts\u00e1.<\/h5>","protected":false},"excerpt":{"rendered":"<p>\u2022ENV\u00cdO: 2 a 3 D\u00cdAS H\u00c1BILES Pieza tejida a mano con mostacillas, aplicadas una a una por manos ind\u00edgenas. Cuenta con broche en la espalda con 3 medidas para abrochar, que permite un mejor ajuste y flecos de mostacillas en todo el contorno. Una pieza elegante, cargada de herencia cultural [&hellip;]<\/p>","protected":false},"featured_media":10830,"template":"","meta":[],"product_brand":[],"product_cat":[229,78],"product_tag":[],"class_list":{"0":"post-10789","1":"product","2":"type-product","3":"status-publish","4":"has-post-thumbnail","6":"product_cat-collares","7":"product_cat-accesorios","9":"first","10":"instock","11":"taxable","12":"shipping-taxable","13":"purchasable","14":"product-type-variable"},"_links":{"self":[{"href":"https:\/\/juanagomezofficial.com\/en\/wp-json\/wp\/v2\/product\/10789","targetHints":{"allow":["GET"]}}],"collection":[{"href":"https:\/\/juanagomezofficial.com\/en\/wp-json\/wp\/v2\/product"}],"about":[{"href":"https:\/\/juanagomezofficial.com\/en\/wp-json\/wp\/v2\/types\/product"}],"wp:featuredmedia":[{"embeddable":true,"href":"https:\/\/juanagomezofficial.com\/en\/wp-json\/wp\/v2\/media\/10830"}],"wp:attachment":[{"href":"https:\/\/juanagomezofficial.com\/en\/wp-json\/wp\/v2\/media?parent=10789"}],"wp:term":[{"taxonomy":"product_brand","embeddable":true,"href":"https:\/\/juanagomezofficial.com\/en\/wp-json\/wp\/v2\/product_brand?post=10789"},{"taxonomy":"product_cat","embeddable":true,"href":"https:\/\/juanagomezofficial.com\/en\/wp-json\/wp\/v2\/product_cat?post=10789"},{"taxonomy":"product_tag","embeddable":true,"href":"https:\/\/juanagomezofficial.com\/en\/wp-json\/wp\/v2\/product_tag?post=10789"}],"curies":[{"name":"wp","href":"https:\/\/api.w.org\/{rel}","templated":true}]}}