{"id":10777,"date":"2026-03-26T17:04:12","date_gmt":"2026-03-26T22:04:12","guid":{"rendered":"https:\/\/juanagomezofficial.com\/?post_type=product&#038;p=10777"},"modified":"2026-04-06T21:23:26","modified_gmt":"2026-04-07T02:23:26","slug":"aretes-corazon-de-agua","status":"publish","type":"product","link":"https:\/\/juanagomezofficial.com\/en\/product\/aretes-corazon-de-agua\/","title":{"rendered":"Aretes Coraz\u00f3n De Agua"},"content":{"rendered":"<p><strong>\u2022ENV\u00cdO: 2 a 3 D\u00cdAS H\u00c1BILES <\/strong><\/p>\n<p>Aretes livianos tejidos a mano mostacilla a mostacilla en forma de coraz\u00f3n con flecos en mostacillas que brindan movimiento. Piezas con herencia cultural y valor artesanal.<br \/>\n<strong>Medidas:<\/strong> Ancho 2cm x Largo 6.5cm<br \/>\n<strong>Peso unitario:<\/strong> 5gr<br \/>\n<strong>Composici\u00f3n:<\/strong> Mostacillas pl\u00e1sticas<\/p>\n<h5>Trabajamos con comunidades ind\u00edgenas de Colombia, incluyendo Ember\u00e1, D\u00f3bida, Eyabida, Inga y Kam\u00ebnts\u00e1.<\/h5>\n<p>|en|<\/p>\n<p><strong>\u2022Shipping: 3-6 <\/strong>working days.<\/p>\n<p>Lightweight earrings hand-beaded one bead at a time in the shape of a heart, with beaded fringe that adds movement. Pieces enriched with cultural heritage and artisanal value.<br \/>\n<strong>Measurements:<\/strong> Width 2 cm (0.8 in) x Length 6.5 cm (2.6 in)<br \/>\n<strong>Unit weight:<\/strong> 5 g (0.18 oz)<br \/>\n<strong>Composition:<\/strong> Plastic Beads<\/p>\n<h5>We work with Indigenous communities in Colombia, including the Ember\u00e1, D\u00f3bida, Eyabida, Inga, and Kam\u00ebnts\u00e1.<br \/>\nEach piece is hand-beaded using refined artisanal techniques that honor tradition, craftsmanship, and cultural heritage.<br \/>\nComposition: Plastic beads.<\/h5>","protected":false},"excerpt":{"rendered":"<p>\u2022ENV\u00cdO: 2 a 3 D\u00cdAS H\u00c1BILES Aretes livianos tejidos a mano mostacilla a mostacilla en forma de coraz\u00f3n con flecos en mostacillas que brindan movimiento. Piezas con herencia cultural y valor artesanal. Medidas: Ancho 2cm x Largo 6.5cm Peso unitario: 5gr Composici\u00f3n: Mostacillas pl\u00e1sticas Trabajamos con comunidades ind\u00edgenas de Colombia, [&hellip;]<\/p>","protected":false},"featured_media":10808,"template":"","meta":[],"product_brand":[],"product_cat":[228,78],"product_tag":[],"class_list":{"0":"post-10777","1":"product","2":"type-product","3":"status-publish","4":"has-post-thumbnail","6":"product_cat-aretes","7":"product_cat-accesorios","9":"first","10":"instock","11":"taxable","12":"shipping-taxable","13":"purchasable","14":"product-type-variable"},"_links":{"self":[{"href":"https:\/\/juanagomezofficial.com\/en\/wp-json\/wp\/v2\/product\/10777","targetHints":{"allow":["GET"]}}],"collection":[{"href":"https:\/\/juanagomezofficial.com\/en\/wp-json\/wp\/v2\/product"}],"about":[{"href":"https:\/\/juanagomezofficial.com\/en\/wp-json\/wp\/v2\/types\/product"}],"wp:featuredmedia":[{"embeddable":true,"href":"https:\/\/juanagomezofficial.com\/en\/wp-json\/wp\/v2\/media\/10808"}],"wp:attachment":[{"href":"https:\/\/juanagomezofficial.com\/en\/wp-json\/wp\/v2\/media?parent=10777"}],"wp:term":[{"taxonomy":"product_brand","embeddable":true,"href":"https:\/\/juanagomezofficial.com\/en\/wp-json\/wp\/v2\/product_brand?post=10777"},{"taxonomy":"product_cat","embeddable":true,"href":"https:\/\/juanagomezofficial.com\/en\/wp-json\/wp\/v2\/product_cat?post=10777"},{"taxonomy":"product_tag","embeddable":true,"href":"https:\/\/juanagomezofficial.com\/en\/wp-json\/wp\/v2\/product_tag?post=10777"}],"curies":[{"name":"wp","href":"https:\/\/api.w.org\/{rel}","templated":true}]}}