{"id":10768,"date":"2026-03-26T16:47:48","date_gmt":"2026-03-26T21:47:48","guid":{"rendered":"https:\/\/juanagomezofficial.com\/?post_type=product&#038;p=10768"},"modified":"2026-04-06T20:35:39","modified_gmt":"2026-04-07T01:35:39","slug":"aretes-corazon","status":"publish","type":"product","link":"https:\/\/juanagomezofficial.com\/en\/product\/aretes-corazon\/","title":{"rendered":"Aretes Coraz\u00f3n"},"content":{"rendered":"<p><strong>\u2022ENV\u00cdO: 2 a 3 D\u00cdAS H\u00c1BILES <\/strong><\/p>\n<p>Aretes livianos tejidos a mano mostacilla a mostacilla en forma de coraz\u00f3n. Piezas con herencia cultural y valor artesanal.<br \/>\n<strong>Medidas:<\/strong> Ancho 2cm x Largo 2cm<br \/>\n<strong>Peso unitario:<\/strong> 1gr<br \/>\n<strong>Composici\u00f3n:<\/strong> Mostacillas pl\u00e1sticas<\/p>\n<h5>Trabajamos con comunidades ind\u00edgenas en Colombia, incluyendo Ember\u00e1, D\u00f3bida, Eyabida, Inga y Kam\u00ebnts\u00e1.<\/h5>\n<p>|en|<\/p>\n<p>&nbsp;<\/p>\n<p><strong>\u2022Shipping:<\/strong> 3-6 working days.<\/p>\n<p>Lightweight earrings hand-beaded one bead at a time in the shape of a heart. Pieces enriched with cultural heritage and artisanal value.<br \/>\n<strong>Measurements:<\/strong> Width 2 cm (0.8 in) x Length 2 cm (0.8 in)<br \/>\n<strong>Unit weight<\/strong>: 1 g (0.04 oz)<br \/>\n<strong>Composition:<\/strong> Plastic beads<\/p>\n<h5>We work with Indigenous communities in Colombia, including the Ember\u00e1, D\u00f3bida, Eyabida, Inga, and Kam\u00ebnts\u00e1.<br \/>\nEach piece is hand-beaded using refined artisanal techniques that honor tradition, craftsmanship, and cultural heritage.<\/h5>","protected":false},"excerpt":{"rendered":"<p>\u2022ENV\u00cdO: 2 a 3 D\u00cdAS H\u00c1BILES Aretes livianos tejidos a mano mostacilla a mostacilla en forma de coraz\u00f3n. Piezas con herencia cultural y valor artesanal. Medidas: Ancho 2cm x Largo 2cm Peso unitario: 1gr Composici\u00f3n: Mostacillas pl\u00e1sticas Trabajamos con comunidades ind\u00edgenas en Colombia, incluyendo Ember\u00e1, D\u00f3bida, Eyabida, Inga y Kam\u00ebnts\u00e1. [&hellip;]<\/p>","protected":false},"featured_media":10801,"template":"","meta":[],"product_brand":[],"product_cat":[228,78],"product_tag":[],"class_list":{"0":"post-10768","1":"product","2":"type-product","3":"status-publish","4":"has-post-thumbnail","6":"product_cat-aretes","7":"product_cat-accesorios","9":"first","10":"instock","11":"taxable","12":"shipping-taxable","13":"purchasable","14":"product-type-variable"},"_links":{"self":[{"href":"https:\/\/juanagomezofficial.com\/en\/wp-json\/wp\/v2\/product\/10768","targetHints":{"allow":["GET"]}}],"collection":[{"href":"https:\/\/juanagomezofficial.com\/en\/wp-json\/wp\/v2\/product"}],"about":[{"href":"https:\/\/juanagomezofficial.com\/en\/wp-json\/wp\/v2\/types\/product"}],"wp:featuredmedia":[{"embeddable":true,"href":"https:\/\/juanagomezofficial.com\/en\/wp-json\/wp\/v2\/media\/10801"}],"wp:attachment":[{"href":"https:\/\/juanagomezofficial.com\/en\/wp-json\/wp\/v2\/media?parent=10768"}],"wp:term":[{"taxonomy":"product_brand","embeddable":true,"href":"https:\/\/juanagomezofficial.com\/en\/wp-json\/wp\/v2\/product_brand?post=10768"},{"taxonomy":"product_cat","embeddable":true,"href":"https:\/\/juanagomezofficial.com\/en\/wp-json\/wp\/v2\/product_cat?post=10768"},{"taxonomy":"product_tag","embeddable":true,"href":"https:\/\/juanagomezofficial.com\/en\/wp-json\/wp\/v2\/product_tag?post=10768"}],"curies":[{"name":"wp","href":"https:\/\/api.w.org\/{rel}","templated":true}]}}