{"id":10764,"date":"2026-03-26T16:34:01","date_gmt":"2026-03-26T21:34:01","guid":{"rendered":"https:\/\/juanagomezofficial.com\/?post_type=product&#038;p=10764"},"modified":"2026-04-07T18:49:03","modified_gmt":"2026-04-07T23:49:03","slug":"collar-corazon-de-agua","status":"publish","type":"product","link":"https:\/\/juanagomezofficial.com\/en\/product\/collar-corazon-de-agua\/","title":{"rendered":"Collar Coraz\u00f3n De Agua"},"content":{"rendered":"<p><strong>\u2022ENV\u00cdO: 2 a 3 D\u00cdAS H\u00c1BILES<\/strong><\/p>\n<p>Pieza tejida a mano con mostacillas, aplicadas una a una por manos ind\u00edgenas. Cuenta con broche y dije dorado contramarcado. Una pieza cargada de herencia cultural y valor artesanal.<br \/>\n<strong>Medidas:<\/strong><br \/>\nLargo cadena: 80cm<br \/>\nDije: Ancho 2cm x Largo 6.5cm<\/p>\n<h5>Trabajamos con comunidades ind\u00edgenas de Colombia, incluyendo Ember\u00e1, D\u00f3bida, Eyabida, Inga y Kam\u00ebnts\u00e1.<\/h5>\n<p>|en|<\/p>\n<p><strong> \u2022Shipping: 3-6<\/strong><br \/>\nworking days Handcrafted with beads, applied one by one by Indigenous artisans, this piece features a clasp and a custom gold charm. A design enriched with cultural heritage and artisanal value.<br \/>\n<strong>Measurements:<\/strong><br \/>\nChain length: 80 cm (31.5 in)<br \/>\nCharm: Width 2 cm (0.8 in) x Length 6.5 cm (2.6 in)<\/p>\n<h5>We work with Indigenous communities in Colombia, including the Ember\u00e1, D\u00f3bida, Eyabida, Inga, and Kam\u00ebnts\u00e1.<\/h5>\n<h5><\/h5>","protected":false},"excerpt":{"rendered":"<p>\u2022ENV\u00cdO: 2 a 3 D\u00cdAS H\u00c1BILES Pieza tejida a mano con mostacillas, aplicadas una a una por manos ind\u00edgenas. Cuenta con broche y dije dorado contramarcado. Una pieza cargada de herencia cultural y valor artesanal. Medidas: Largo cadena: 80cm Dije: Ancho 2cm x Largo 6.5cm Trabajamos con comunidades ind\u00edgenas de [&hellip;]<\/p>","protected":false},"featured_media":10854,"template":"","meta":[],"product_brand":[],"product_cat":[229,180,78],"product_tag":[],"class_list":{"0":"post-10764","1":"product","2":"type-product","3":"status-publish","4":"has-post-thumbnail","6":"product_cat-collares","7":"product_cat-ver-todo-accesorios","8":"product_cat-accesorios","10":"first","11":"instock","12":"taxable","13":"shipping-taxable","14":"purchasable","15":"product-type-variable"},"_links":{"self":[{"href":"https:\/\/juanagomezofficial.com\/en\/wp-json\/wp\/v2\/product\/10764","targetHints":{"allow":["GET"]}}],"collection":[{"href":"https:\/\/juanagomezofficial.com\/en\/wp-json\/wp\/v2\/product"}],"about":[{"href":"https:\/\/juanagomezofficial.com\/en\/wp-json\/wp\/v2\/types\/product"}],"wp:featuredmedia":[{"embeddable":true,"href":"https:\/\/juanagomezofficial.com\/en\/wp-json\/wp\/v2\/media\/10854"}],"wp:attachment":[{"href":"https:\/\/juanagomezofficial.com\/en\/wp-json\/wp\/v2\/media?parent=10764"}],"wp:term":[{"taxonomy":"product_brand","embeddable":true,"href":"https:\/\/juanagomezofficial.com\/en\/wp-json\/wp\/v2\/product_brand?post=10764"},{"taxonomy":"product_cat","embeddable":true,"href":"https:\/\/juanagomezofficial.com\/en\/wp-json\/wp\/v2\/product_cat?post=10764"},{"taxonomy":"product_tag","embeddable":true,"href":"https:\/\/juanagomezofficial.com\/en\/wp-json\/wp\/v2\/product_tag?post=10764"}],"curies":[{"name":"wp","href":"https:\/\/api.w.org\/{rel}","templated":true}]}}