{"id":10761,"date":"2026-03-26T16:27:55","date_gmt":"2026-03-26T21:27:55","guid":{"rendered":"https:\/\/juanagomezofficial.com\/?post_type=product&#038;p=10761"},"modified":"2026-04-07T18:49:52","modified_gmt":"2026-04-07T23:49:52","slug":"collar-corazon","status":"publish","type":"product","link":"https:\/\/juanagomezofficial.com\/en\/product\/collar-corazon\/","title":{"rendered":"Collar Coraz\u00f3n"},"content":{"rendered":"<p><strong>\u2022ENV\u00cdO: 2 a 3 D\u00cdAS H\u00c1BILES <\/strong><\/p>\n<p>Pieza tejida a mano con mostacillas, aplicadas una a una por manos ind\u00edgenas. Cuenta con broche y dije dorado contramarcado. Una pieza cargada de herencia cultural y valor artesanal.<br \/>\n<strong>Medidas:<\/strong><br \/>\nLargo cadena: 80cm<\/p>\n<h5>Trabajamos con comunidades ind\u00edgenas de Colombia, incluyendo Ember\u00e1, D\u00f3bida, Eyabida, Inga y Kam\u00ebnts\u00e1.<br \/>\n|en|<\/h5>\n<p><strong>\u2022Shipping: 3-6 <\/strong>working days<\/p>\n<p>Handcrafted with beads, applied one by one by Indigenous artisans, this piece features a clasp and a custom gold charm. A design enriched with cultural heritage and artisanal value.<br \/>\n<strong>Measurements:<\/strong><br \/>\nChain length: 80 cm (31.5 in)<\/p>\n<h5>We work with Indigenous communities in Colombia, including the Ember\u00e1, D\u00f3bida, Eyabida, Inga, and Kam\u00ebnts\u00e1.<\/h5>","protected":false},"excerpt":{"rendered":"<p>\u2022ENV\u00cdO: 2 a 3 D\u00cdAS H\u00c1BILES Pieza tejida a mano con mostacillas, aplicadas una a una por manos ind\u00edgenas. Cuenta con broche y dije dorado contramarcado. Una pieza cargada de herencia cultural y valor artesanal. Medidas: Largo cadena: 80cm Trabajamos con comunidades ind\u00edgenas de Colombia, incluyendo Ember\u00e1, D\u00f3bida, Eyabida, Inga [&hellip;]<\/p>","protected":false},"featured_media":10862,"template":"","meta":[],"product_brand":[],"product_cat":[229,180,78],"product_tag":[],"class_list":{"0":"post-10761","1":"product","2":"type-product","3":"status-publish","4":"has-post-thumbnail","6":"product_cat-collares","7":"product_cat-ver-todo-accesorios","8":"product_cat-accesorios","10":"first","11":"instock","12":"taxable","13":"shipping-taxable","14":"purchasable","15":"product-type-variable"},"_links":{"self":[{"href":"https:\/\/juanagomezofficial.com\/en\/wp-json\/wp\/v2\/product\/10761","targetHints":{"allow":["GET"]}}],"collection":[{"href":"https:\/\/juanagomezofficial.com\/en\/wp-json\/wp\/v2\/product"}],"about":[{"href":"https:\/\/juanagomezofficial.com\/en\/wp-json\/wp\/v2\/types\/product"}],"wp:featuredmedia":[{"embeddable":true,"href":"https:\/\/juanagomezofficial.com\/en\/wp-json\/wp\/v2\/media\/10862"}],"wp:attachment":[{"href":"https:\/\/juanagomezofficial.com\/en\/wp-json\/wp\/v2\/media?parent=10761"}],"wp:term":[{"taxonomy":"product_brand","embeddable":true,"href":"https:\/\/juanagomezofficial.com\/en\/wp-json\/wp\/v2\/product_brand?post=10761"},{"taxonomy":"product_cat","embeddable":true,"href":"https:\/\/juanagomezofficial.com\/en\/wp-json\/wp\/v2\/product_cat?post=10761"},{"taxonomy":"product_tag","embeddable":true,"href":"https:\/\/juanagomezofficial.com\/en\/wp-json\/wp\/v2\/product_tag?post=10761"}],"curies":[{"name":"wp","href":"https:\/\/api.w.org\/{rel}","templated":true}]}}