{"id":10754,"date":"2026-03-26T16:08:07","date_gmt":"2026-03-26T21:08:07","guid":{"rendered":"https:\/\/juanagomezofficial.com\/?post_type=product&#038;p=10754"},"modified":"2026-05-11T19:06:06","modified_gmt":"2026-05-12T00:06:06","slug":"collar-picantico","status":"publish","type":"product","link":"https:\/\/juanagomezofficial.com\/en\/product\/collar-picantico\/","title":{"rendered":"Collar Picantico"},"content":{"rendered":"<p><strong>\u2022ENV\u00cdO: 2 a 3 D\u00cdAS H\u00c1BILES<\/strong><\/p>\n<p>Pieza tejida a mano con mostacillas, aplicadas una a una por manos ind\u00edgenas. Cuenta con broche y dije dorado contramarcado. Una pieza cargada de herencia cultural y valor artesanal.<br \/>\n<strong>Medidas:<\/strong><br \/>\nLargo cadena: 80cm Dije:<br \/>\nDije: ancho: 5cm \u2013 Largo 1.5cm |en|<\/p>\n<p><strong>\u2022Shipping: 3-6<\/strong> working days Handcrafted with beads, applied one by one by Indigenous artisans, this piece features a clasp and a custom gold charm. A design enriched with cultural heritage and artisanal value.<br \/>\n<strong>Measurements:<\/strong><br \/>\nChain length: 80 cm (31.5 in)<br \/>\nCharm: Width 5 cm (1.9 in) x Length 1.5 cm (0.5 in)<\/p>","protected":false},"excerpt":{"rendered":"<p>\u2022ENV\u00cdO: 2 a 3 D\u00cdAS H\u00c1BILES Pieza tejida a mano con mostacillas, aplicadas una a una por manos ind\u00edgenas. Cuenta con broche y dije dorado contramarcado. Una pieza cargada de herencia cultural y valor artesanal. Medidas: Largo cadena: 80cm Dije: Dije: ancho: 5cm \u2013 Largo 1.5cm |en| \u2022Shipping: 3-6 working [&hellip;]<\/p>\n","protected":false},"featured_media":10916,"template":"","meta":[],"product_brand":[],"product_cat":[78,229],"product_tag":[],"class_list":{"0":"post-10754","1":"product","2":"type-product","3":"status-publish","4":"has-post-thumbnail","6":"product_cat-accesorios","7":"product_cat-collares","9":"first","10":"instock","11":"taxable","12":"shipping-taxable","13":"purchasable","14":"product-type-variable"},"_links":{"self":[{"href":"https:\/\/juanagomezofficial.com\/en\/wp-json\/wp\/v2\/product\/10754","targetHints":{"allow":["GET"]}}],"collection":[{"href":"https:\/\/juanagomezofficial.com\/en\/wp-json\/wp\/v2\/product"}],"about":[{"href":"https:\/\/juanagomezofficial.com\/en\/wp-json\/wp\/v2\/types\/product"}],"wp:featuredmedia":[{"embeddable":true,"href":"https:\/\/juanagomezofficial.com\/en\/wp-json\/wp\/v2\/media\/10916"}],"wp:attachment":[{"href":"https:\/\/juanagomezofficial.com\/en\/wp-json\/wp\/v2\/media?parent=10754"}],"wp:term":[{"taxonomy":"product_brand","embeddable":true,"href":"https:\/\/juanagomezofficial.com\/en\/wp-json\/wp\/v2\/product_brand?post=10754"},{"taxonomy":"product_cat","embeddable":true,"href":"https:\/\/juanagomezofficial.com\/en\/wp-json\/wp\/v2\/product_cat?post=10754"},{"taxonomy":"product_tag","embeddable":true,"href":"https:\/\/juanagomezofficial.com\/en\/wp-json\/wp\/v2\/product_tag?post=10754"}],"curies":[{"name":"wp","href":"https:\/\/api.w.org\/{rel}","templated":true}]}}