{"id":10750,"date":"2026-03-26T16:04:03","date_gmt":"2026-03-26T21:04:03","guid":{"rendered":"https:\/\/juanagomezofficial.com\/?post_type=product&#038;p=10750"},"modified":"2026-05-11T19:45:05","modified_gmt":"2026-05-12T00:45:05","slug":"collar-raices","status":"publish","type":"product","link":"https:\/\/juanagomezofficial.com\/en\/product\/collar-raices\/","title":{"rendered":"Collar Ra\u00edces Dorado"},"content":{"rendered":"<p><strong>\u2022ENV\u00cdO: 2 a 3 D\u00cdAS H\u00c1BILES<\/strong><\/p>\n<p>Pieza tejida a mano con mostacillas, tejidas una a una por manos ind\u00edgenas. Cuenta con broche y dije dorado contramarcado. Una pieza elegante, cargada de herencia cultural y valor artesanal.<br \/>\n<strong>Largo cadena 80cm, largo dije 8,5cm<\/strong> |en|<\/p>\n<p><strong>\u2022Shipping: 3-6<\/strong><\/p>\n<p>working days Handcrafted with beads, applied one by one by Indigenous artisans, this piece features a clasp and a custom gold charm. An elegant design enriched with cultural heritage and artisanal value.<br \/>\n<strong>Chain length:<\/strong> 80 cm (31.5 in)<br \/>\n<strong>Charm length:<\/strong> 8.5 cm (3.3 in)<\/p>","protected":false},"excerpt":{"rendered":"<p>Pieza tejida a mano con mostacillas, tejidas una a una por manos ind\u00edgenas. Cuenta con broche y dije dorado contramarcado.<\/p>","protected":false},"featured_media":10926,"template":"","meta":[],"product_brand":[],"product_cat":[78,229],"product_tag":[],"class_list":{"0":"post-10750","1":"product","2":"type-product","3":"status-publish","4":"has-post-thumbnail","6":"product_cat-accesorios","7":"product_cat-collares","9":"first","10":"instock","11":"taxable","12":"shipping-taxable","13":"purchasable","14":"product-type-simple"},"_links":{"self":[{"href":"https:\/\/juanagomezofficial.com\/en\/wp-json\/wp\/v2\/product\/10750","targetHints":{"allow":["GET"]}}],"collection":[{"href":"https:\/\/juanagomezofficial.com\/en\/wp-json\/wp\/v2\/product"}],"about":[{"href":"https:\/\/juanagomezofficial.com\/en\/wp-json\/wp\/v2\/types\/product"}],"wp:featuredmedia":[{"embeddable":true,"href":"https:\/\/juanagomezofficial.com\/en\/wp-json\/wp\/v2\/media\/10926"}],"wp:attachment":[{"href":"https:\/\/juanagomezofficial.com\/en\/wp-json\/wp\/v2\/media?parent=10750"}],"wp:term":[{"taxonomy":"product_brand","embeddable":true,"href":"https:\/\/juanagomezofficial.com\/en\/wp-json\/wp\/v2\/product_brand?post=10750"},{"taxonomy":"product_cat","embeddable":true,"href":"https:\/\/juanagomezofficial.com\/en\/wp-json\/wp\/v2\/product_cat?post=10750"},{"taxonomy":"product_tag","embeddable":true,"href":"https:\/\/juanagomezofficial.com\/en\/wp-json\/wp\/v2\/product_tag?post=10750"}],"curies":[{"name":"wp","href":"https:\/\/api.w.org\/{rel}","templated":true}]}}