{"id":10744,"date":"2026-03-26T15:41:16","date_gmt":"2026-03-26T20:41:16","guid":{"rendered":"https:\/\/juanagomezofficial.com\/?post_type=product&#038;p=10744"},"modified":"2026-05-11T17:52:23","modified_gmt":"2026-05-11T22:52:23","slug":"collar-brisa","status":"publish","type":"product","link":"https:\/\/juanagomezofficial.com\/en\/product\/collar-brisa\/","title":{"rendered":"Collar Brisa"},"content":{"rendered":"<p><strong>\u2022ENV\u00cdO: 2 a 3 D\u00cdAS H\u00c1BILES <\/strong><\/p>\n<p>Pieza tejida a mano con mostacillas, aplicadas una a una por manos ind\u00edgenas. Cuenta con broche y dije dorado contramarcado. Una pieza cargada de herencia cultural y valor artesanal.<br \/>\n<strong>Medidas:<br \/>\n<\/strong>Largo cadena: 80cm<br \/>\n|en|<\/p>\n<p><strong>\u2022Shipping: 3-6<br \/>\n<\/strong> working days Handcrafted with beads, applied one by one by Indigenous artisans, this piece features a clasp and a custom gold charm. A design enriched with cultural heritage and artisanal value.<br \/>\n<strong>Measurements:<br \/>\n<\/strong>Chain length: 80 cm (31.5 in)<\/p>","protected":false},"excerpt":{"rendered":"<p>\u2022ENV\u00cdO: 2 a 3 D\u00cdAS H\u00c1BILES Pieza tejida a mano con mostacillas, aplicadas una a una por manos ind\u00edgenas. Cuenta con broche y dije dorado contramarcado. Una pieza cargada de herencia cultural y valor artesanal. Medidas: Largo cadena: 80cm |en| \u2022Shipping: 3-6 working days Handcrafted with beads, applied one by [&hellip;]<\/p>\n","protected":false},"featured_media":10908,"template":"","meta":[],"product_brand":[],"product_cat":[78,229],"product_tag":[],"class_list":{"0":"post-10744","1":"product","2":"type-product","3":"status-publish","4":"has-post-thumbnail","6":"product_cat-accesorios","7":"product_cat-collares","9":"first","10":"instock","11":"taxable","12":"shipping-taxable","13":"purchasable","14":"product-type-variable"},"_links":{"self":[{"href":"https:\/\/juanagomezofficial.com\/en\/wp-json\/wp\/v2\/product\/10744","targetHints":{"allow":["GET"]}}],"collection":[{"href":"https:\/\/juanagomezofficial.com\/en\/wp-json\/wp\/v2\/product"}],"about":[{"href":"https:\/\/juanagomezofficial.com\/en\/wp-json\/wp\/v2\/types\/product"}],"wp:featuredmedia":[{"embeddable":true,"href":"https:\/\/juanagomezofficial.com\/en\/wp-json\/wp\/v2\/media\/10908"}],"wp:attachment":[{"href":"https:\/\/juanagomezofficial.com\/en\/wp-json\/wp\/v2\/media?parent=10744"}],"wp:term":[{"taxonomy":"product_brand","embeddable":true,"href":"https:\/\/juanagomezofficial.com\/en\/wp-json\/wp\/v2\/product_brand?post=10744"},{"taxonomy":"product_cat","embeddable":true,"href":"https:\/\/juanagomezofficial.com\/en\/wp-json\/wp\/v2\/product_cat?post=10744"},{"taxonomy":"product_tag","embeddable":true,"href":"https:\/\/juanagomezofficial.com\/en\/wp-json\/wp\/v2\/product_tag?post=10744"}],"curies":[{"name":"wp","href":"https:\/\/api.w.org\/{rel}","templated":true}]}}