{"id":10731,"date":"2026-03-26T15:11:08","date_gmt":"2026-03-26T20:11:08","guid":{"rendered":"https:\/\/juanagomezofficial.com\/?post_type=product&#038;p=10731"},"modified":"2026-04-06T21:01:51","modified_gmt":"2026-04-07T02:01:51","slug":"aretes-corazon-silvestre","status":"publish","type":"product","link":"https:\/\/juanagomezofficial.com\/en\/product\/aretes-corazon-silvestre\/","title":{"rendered":"Aretes Coraz\u00f3n Silvestre"},"content":{"rendered":"<p>\u2022<strong>ENV\u00cdO:<\/strong> <strong>2 a 3 D\u00cdAS H\u00c1BILES<\/strong><\/p>\n<h5>Aretes livianos tejidos a mano mostacilla a mostacilla.<br \/>\nPiezas con herencia cultural y valor artesanal.<\/h5>\n<h5>Cada pieza es elaborada a mano, utilizando t\u00e9cnicas artesanales refinadas que honran la tradici\u00f3n, el oficio y el patrimonio cultural. Trabajamos con comunidades ind\u00edgenas de Colombia, incluyendo Ember\u00e1, D\u00f3bida, Eyabida, Inga y Kam\u00ebnts\u00e1.<\/h5>\n<h5>Composici\u00f3n: Mostacillas pl\u00e1sticas. |en|<\/h5>\n<h3><strong>\u2022Shipping: 3-6<\/strong> working days.<\/h3>\n<h5>Lightweight earrings hand-beaded one bead at a time.<br \/>\nPieces enriched with cultural heritage and artisanal value.<\/h5>\n<h5>We work with Indigenous communities in Colombia, including the Ember\u00e1, D\u00f3bida, Eyabida, Inga, and Kam\u00ebnts\u00e1.<br \/>\nEach piece is hand-beaded using refined artisanal techniques that honor tradition, craftsmanship, and cultural heritage.<br \/>\nComposition: Plastic beads.<\/h5>","protected":false},"excerpt":{"rendered":"<p>\u2022ENV\u00cdO: 2 a 3 D\u00cdAS H\u00c1BILES Aretes livianos tejidos a mano mostacilla a mostacilla. Piezas con herencia cultural y valor artesanal. Cada pieza es elaborada a mano, utilizando t\u00e9cnicas artesanales refinadas que honran la tradici\u00f3n, el oficio y el patrimonio cultural. Trabajamos con comunidades ind\u00edgenas de Colombia, incluyendo Ember\u00e1, D\u00f3bida, [&hellip;]<\/p>","protected":false},"featured_media":10814,"template":"","meta":[],"product_brand":[],"product_cat":[228,78],"product_tag":[],"class_list":{"0":"post-10731","1":"product","2":"type-product","3":"status-publish","4":"has-post-thumbnail","6":"product_cat-aretes","7":"product_cat-accesorios","9":"first","10":"instock","11":"taxable","12":"shipping-taxable","13":"purchasable","14":"product-type-variable"},"_links":{"self":[{"href":"https:\/\/juanagomezofficial.com\/en\/wp-json\/wp\/v2\/product\/10731","targetHints":{"allow":["GET"]}}],"collection":[{"href":"https:\/\/juanagomezofficial.com\/en\/wp-json\/wp\/v2\/product"}],"about":[{"href":"https:\/\/juanagomezofficial.com\/en\/wp-json\/wp\/v2\/types\/product"}],"wp:featuredmedia":[{"embeddable":true,"href":"https:\/\/juanagomezofficial.com\/en\/wp-json\/wp\/v2\/media\/10814"}],"wp:attachment":[{"href":"https:\/\/juanagomezofficial.com\/en\/wp-json\/wp\/v2\/media?parent=10731"}],"wp:term":[{"taxonomy":"product_brand","embeddable":true,"href":"https:\/\/juanagomezofficial.com\/en\/wp-json\/wp\/v2\/product_brand?post=10731"},{"taxonomy":"product_cat","embeddable":true,"href":"https:\/\/juanagomezofficial.com\/en\/wp-json\/wp\/v2\/product_cat?post=10731"},{"taxonomy":"product_tag","embeddable":true,"href":"https:\/\/juanagomezofficial.com\/en\/wp-json\/wp\/v2\/product_tag?post=10731"}],"curies":[{"name":"wp","href":"https:\/\/api.w.org\/{rel}","templated":true}]}}