{"id":10662,"date":"2026-02-07T14:15:37","date_gmt":"2026-02-07T19:15:37","guid":{"rendered":"https:\/\/juanagomezofficial.com\/?post_type=product&#038;p=10662"},"modified":"2026-03-16T16:59:49","modified_gmt":"2026-03-16T21:59:49","slug":"marthas-set","status":"publish","type":"product","link":"https:\/\/juanagomezofficial.com\/en\/product\/marthas-set\/","title":{"rendered":"Martha\u2019s Set"},"content":{"rendered":"<p><strong>\u2022ENV\u00cdO: 2 a 3 D\u00cdAS H\u00c1BILES<\/strong><\/p>\n<p>Set compuesto por <a href=\"https:\/\/juanagomezofficial.com\/en\/product\/vestido-luna1\/\">Vestido Luna<\/a>\u00a0 y\u00a0 <a href=\"https:\/\/juanagomezofficial.com\/en\/product\/poncho-cuore-oro1\/\" target=\"_blank\" rel=\"noopener\">Poncho Cuore Oro<\/a><\/p>\n<h6>Nuestro elegante Vestido Luna est\u00e1 elaborado en tejido con t\u00e9cnica manual, cuenta con transparencia en escote, entalle perfecto para resaltar la silueta, flecos en ruedo hechos y confeccionados uno a uno a mano para acompa\u00f1arte sutilmente en cada uno de tus movimientos y cintur\u00f3n tejido para elevar tu look. Ll\u00e9valo con el Vestido de Fondo dise\u00f1ado especialmente para esta prenda. <a href=\"https:\/\/juanagomezofficial.com\/en\/product\/fondo-vestido-luna\/\" target=\"_blank\" rel=\"noopener\">VER VESTIDO BASE<\/a><\/h6>\n<h6>Poncho en tejido de punto con nuestro dise\u00f1o ic\u00f3nico de corazones pixelados tejidos en hilos brillantes, cuenta con una modificaci\u00f3n que simula mangas para mayor comodidad en el uso diario.<\/h6>\n<h6>\u2022<strong>Composici\u00f3n Vestido:<\/strong> 94% Nylon \u2013 6% Lurex\u00a0\u2022Composici\u00f3n Poncho: 90% Viscosa &#8211; 10% Lurex<\/h6>\n<h6>\u2022<strong>Instrucciones de lavado:<\/strong> Lavar a mano, Prenda delicada, Almacenar doblado, no colgar. \u2022<strong>Uso:<\/strong> Sary nuestra modelo mide 1,80 mt. y esta usando la talla S \u2022<strong>Garant\u00eda:<\/strong> 30 d\u00edas por defectos de fabricaci\u00f3n. \u2022El cliente tiene 2 d\u00edas h\u00e1biles despu\u00e9s de recibir el producto para notificar novedades en su compra y\/o para manifestar la intenci\u00f3n de cambio a Juana G\u00f3mez; el producto no debe presentar signos de uso aparente y debe conservar su embalaje original, el cliente deber\u00e1 correr con los gastos de env\u00edo. |en| Shipping: 4-7 working days<\/h6>\n<h6>Boasting a streamlined, figure-hugging silhouette, fringed Luna dress stands out thanks to its knit construction and framing the neckline with a transparence. Knit Beld included. \u2022<strong>Highlights:<\/strong> Ribbed knit, Fringed hem, Neckline with a transparence, Sleeveless, Mid-length. \u2022<strong>Composition Dress:<\/strong> Nylon 94%, Lurex 6% \u2022<strong>Washing instructions:<\/strong> Hand Wash, Delicate Garment, Store Folded, do not hang. \u2022<strong>Wearing:<\/strong> The model is 1.80 m wearing size S \u2022Made by Colombian artisans. \u2022<strong>Warranty:<\/strong> 30 days for manufacturing defects. \u2022<strong>Returns:<\/strong> The customer has 2 business days after receiving the product to express the intention of exchange to Juana Gomez; the product must not show signs of apparent use and must retain its original packaging, the customer must bear the shipping costs.<\/h6>","protected":false},"excerpt":{"rendered":"<p>Set compuesto por <a href=\"https:\/\/juanagomezofficial.com\/en\/product\/vestido-luna1\/\">Vestido Luna<\/a>\u00a0 y\u00a0 <a href=\"https:\/\/juanagomezofficial.com\/en\/product\/poncho-cuore-oro1\/\" target=\"_blank\" rel=\"noopener\">Poncho Cuore Oro<\/a><\/p>\n<p><a href=\"https:\/\/juanagomezofficial.com\/en\/product\/fondo-vestido-luna\/\">Haz clic para ver el Vestido de Fondo<\/a> que recomendamos para usar junto con el vestido.<\/p>\n<p>&nbsp;<\/p>","protected":false},"featured_media":10667,"template":"","meta":[],"product_brand":[],"product_cat":[174,121,111,74],"product_tag":[],"class_list":{"0":"post-10662","1":"product","2":"type-product","3":"status-publish","4":"has-post-thumbnail","6":"product_cat-color-sol","7":"product_cat-vestidos","8":"product_cat-colecciones","9":"product_cat-ponchos","11":"first","12":"outofstock","13":"taxable","14":"shipping-taxable","15":"product-type-variable"},"_links":{"self":[{"href":"https:\/\/juanagomezofficial.com\/en\/wp-json\/wp\/v2\/product\/10662","targetHints":{"allow":["GET"]}}],"collection":[{"href":"https:\/\/juanagomezofficial.com\/en\/wp-json\/wp\/v2\/product"}],"about":[{"href":"https:\/\/juanagomezofficial.com\/en\/wp-json\/wp\/v2\/types\/product"}],"wp:featuredmedia":[{"embeddable":true,"href":"https:\/\/juanagomezofficial.com\/en\/wp-json\/wp\/v2\/media\/10667"}],"wp:attachment":[{"href":"https:\/\/juanagomezofficial.com\/en\/wp-json\/wp\/v2\/media?parent=10662"}],"wp:term":[{"taxonomy":"product_brand","embeddable":true,"href":"https:\/\/juanagomezofficial.com\/en\/wp-json\/wp\/v2\/product_brand?post=10662"},{"taxonomy":"product_cat","embeddable":true,"href":"https:\/\/juanagomezofficial.com\/en\/wp-json\/wp\/v2\/product_cat?post=10662"},{"taxonomy":"product_tag","embeddable":true,"href":"https:\/\/juanagomezofficial.com\/en\/wp-json\/wp\/v2\/product_tag?post=10662"}],"curies":[{"name":"wp","href":"https:\/\/api.w.org\/{rel}","templated":true}]}}