{"id":10457,"date":"2026-01-09T12:16:40","date_gmt":"2026-01-09T17:16:40","guid":{"rendered":"https:\/\/juanagomezofficial.com\/?post_type=product&#038;p=10457"},"modified":"2026-03-11T11:49:50","modified_gmt":"2026-03-11T16:49:50","slug":"falda-plisse-8","status":"publish","type":"product","link":"https:\/\/juanagomezofficial.com\/en\/product\/falda-plisse-8\/","title":{"rendered":"FALDA PLISSE."},"content":{"rendered":"<p><strong>PRENDA EN PERFECTO ESTADO<\/strong><\/p>\n<p><strong>IMPORTANTE: PRENDAS EN DESCUENTO NO TIENEN CAMBIO NI DEVOLUCI\u00d3N.<\/strong><\/p>\n<p><strong>\u2022ENV\u00cdO: 2 a 3 D\u00cdAS H\u00c1BILES<\/strong><\/p>\n<p>Falda Plisse de tiro alto con el\u00e1stico en cintura y corte tipo A,\u00a0 tela con textura plisada, tejido con hilos brillantes que le otorgan un car\u00e1cter \u00fanico. Su corte <strong>entallado al cuerpo<\/strong> resalta la figura con elegancia.<\/p>\n<p>\u2022Composici\u00f3n: 81.5% Viscosa &#8211; 18.5% Lurex<\/p>\n<p>\u2022Instrucciones de lavado: Lavar a mano, Prenda delicada, Almacenar doblado, no colgar.<\/p>\n<p>\u2022Garant\u00eda: 30 d\u00edas por defectos de fabricaci\u00f3n.<\/p>\n<p>\u2022El cliente tiene 2 d\u00edas h\u00e1biles despu\u00e9s de recibir el producto para notificar novedades en su compra y\/o para manifestar la intenci\u00f3n de cambio a Juana G\u00f3mez; el producto no debe presentar signos de uso aparente y debe conservar su embalaje original, el cliente deber\u00e1 correr con los gastos de env\u00edo. |en| <strong>Shipping: 3-7 working days<\/strong><\/p>\n<p>High-waisted pleated skirt with an elastic waistband and A-line cut. Crafted from textured pleated fabric with shimmering threads that give it a unique character. Its tailored design elegantly enhances the silhouette.<\/p>\n<p>\u2022Washing instructions: Hand Wash, Delicate Garment, Store Folded, do not hang.<\/p>\n<p>\u2022Composition: 81.5% Viscose &#8211; 18.5% Lurex<\/p>\n<p>\u2022Made by Colombian artisans.<\/p>\n<p>\u2022Warranty: 30 days for manufacturing defects.<\/p>\n<p>\u2022Returns: The customer has 2 business days after receiving the product to express the intention of exchange to Juana Gomez; the product must not show signs of apparent use and must retain its original packaging, the customer must bear the shipping costs.<\/p>","protected":false},"excerpt":{"rendered":"<p>PRENDA EN PERFECTO ESTADO IMPORTANTE: PRENDAS EN DESCUENTO NO TIENEN CAMBIO NI DEVOLUCI\u00d3N. \u2022ENV\u00cdO: 2 a 3 D\u00cdAS H\u00c1BILES Falda Plisse de tiro alto con el\u00e1stico en cintura y corte tipo A,\u00a0 tela con textura plisada, tejido con hilos brillantes que le otorgan un car\u00e1cter \u00fanico. Su corte entallado al [&hellip;]<\/p>","protected":false},"featured_media":9194,"template":"","meta":[],"product_brand":[],"product_cat":[168,183,111,75],"product_tag":[],"class_list":{"0":"post-10457","1":"product","2":"type-product","3":"status-publish","4":"has-post-thumbnail","6":"product_cat-sale","7":"product_cat-solar-capsule","8":"product_cat-colecciones","9":"product_cat-faldas","11":"first","12":"instock","13":"sale","14":"taxable","15":"shipping-taxable","16":"purchasable","17":"product-type-simple"},"_links":{"self":[{"href":"https:\/\/juanagomezofficial.com\/en\/wp-json\/wp\/v2\/product\/10457","targetHints":{"allow":["GET"]}}],"collection":[{"href":"https:\/\/juanagomezofficial.com\/en\/wp-json\/wp\/v2\/product"}],"about":[{"href":"https:\/\/juanagomezofficial.com\/en\/wp-json\/wp\/v2\/types\/product"}],"wp:featuredmedia":[{"embeddable":true,"href":"https:\/\/juanagomezofficial.com\/en\/wp-json\/wp\/v2\/media\/9194"}],"wp:attachment":[{"href":"https:\/\/juanagomezofficial.com\/en\/wp-json\/wp\/v2\/media?parent=10457"}],"wp:term":[{"taxonomy":"product_brand","embeddable":true,"href":"https:\/\/juanagomezofficial.com\/en\/wp-json\/wp\/v2\/product_brand?post=10457"},{"taxonomy":"product_cat","embeddable":true,"href":"https:\/\/juanagomezofficial.com\/en\/wp-json\/wp\/v2\/product_cat?post=10457"},{"taxonomy":"product_tag","embeddable":true,"href":"https:\/\/juanagomezofficial.com\/en\/wp-json\/wp\/v2\/product_tag?post=10457"}],"curies":[{"name":"wp","href":"https:\/\/api.w.org\/{rel}","templated":true}]}}