{"id":10313,"date":"2025-12-02T14:51:30","date_gmt":"2025-12-02T19:51:30","guid":{"rendered":"https:\/\/juanagomezofficial.com\/?post_type=product&#038;p=10313"},"modified":"2026-03-07T18:06:47","modified_gmt":"2026-03-07T23:06:47","slug":"cuore-bag-iris-2","status":"publish","type":"product","link":"https:\/\/juanagomezofficial.com\/en\/product\/cuore-bag-iris-2\/","title":{"rendered":"Cuore Bag Iris."},"content":{"rendered":"<p><span style=\"color: #ff0000;\"><strong>PRODUCTO EN PERFECTO ESTADO<\/strong><\/span><\/p>\n<p><span style=\"color: #ff0000;\"><strong>*PRODUCTOS EN SALE, NO TIENEN CAMBIO NI DEVOLUCI\u00d3N.<\/strong><\/span><\/p>\n<p><strong>\u2022ENV\u00cdO: 2 A 3 D\u00cdAS H\u00c1BILES<\/strong><\/p>\n<p><strong>INCLUYE:<\/strong><\/p>\n<p><strong>UNA (1) CORREA AJUSTABLE LISA DE CUERO.<\/strong><\/p>\n<p>Nueva gran pieza con nuestro dise\u00f1o ic\u00f3nico de coraz\u00f3n pixelado realizado en t\u00e9cnica artesanal de relieve, esta suave cartera es perfecta para el d\u00eda a d\u00eda por su tama\u00f1o, funcionalidad y capacidad.<\/p>\n<p>Esta pieza cuenta con bolsillo principal en cremallera met\u00e1lica dorada, bolsillo en espalda imantado y doble bolsillo interno con nuestro dije de coraz\u00f3n dorado; su exterior es en 100% Piel Vacuna y su forro en 100% algod\u00f3n.<\/p>\n<p>\u2022Material Cartera: 100% Cuero Vacuno, Forro: 100% Algod\u00f3n, Herrajes: Zamac con ba\u00f1o de oro.<\/p>\n<p>\u2022Pa\u00eds de fabricaci\u00f3n: Colombia, pieza realizada 100% por manos artesanas.<\/p>\n<p>\u2022Medidas:<\/p>\n<p>\u2022Ancho: 22cm<\/p>\n<p>\u2022Alto:16cm<\/p>\n<p>\u2022Profundidad: 8cm<\/p>\n<p>\u2022Cuidados:<\/p>\n<p>\u2022Almacena tu cartera en su bolsa protectora, cu\u00eddala de los l\u00edquidos y sustancias corrosivas. Puedes limpiarla con un pa\u00f1o suave ligeramente h\u00famedo y secando r\u00e1pidamente con pa\u00f1o seco suave.<\/p>\n<p>\u2022Devoluciones: El cliente tiene 2 d\u00edas h\u00e1biles despu\u00e9s de recibir el producto para manifestar la intenci\u00f3n de cambio a Juana G\u00f3mez; el producto no debe presentar se\u00f1ales de uso aparente y debe conservar su pin y empaque original. El cliente asume los costos de env\u00edo.<\/p>\n<p>|en|<\/p>\n<p>\u2022Shipping:5 to 8 business days.<\/p>\n<p><strong>INCLUDES A PLAIN LEATHER STRAP<\/strong><\/p>\n<p>New great piece with our iconic pixelated heart design made in embossed craft technique, this soft bag is perfect for an everyday use due to its size and functionality.<\/p>\n<p>You can exchange its adjustable straps through its buckle system. This piece has a main gold metal zipper pocket, a magnetized back pocket and a double internal pocket with our gold heart charm; its exterior is 100% Cowhide Leather and its lining is 100% cotton.<\/p>\n<p>\u2022Material: 100% Cowhide leather, Lining: 100% Cotton, Hardware Materials: Zamac gold plated<\/p>\n<p>\u2022Handcrafted in Colombia<\/p>\n<p>\u2022Measurements:<\/p>\n<p>\u2022Width: 22cm \/ 8.6 in<\/p>\n<p>\u2022Height: 16cm \/ 6.2 in<\/p>\n<p>\u2022Depth: 8cm \/ 3.1 in<\/p>\n<p>\u2022Care: .<\/p>\n<p>\u2022Store your bag in its protective cloth bag, take care of it fluids and corrosive substances. You can clean it with a gently damp soft cloth and dry it quickly with a soft dry cloth.<\/p>\n<p>\u2022Returns: The customer has 2 business days after receiving the product to express the intention of exchange to Juana Gomez; the product must not show signs of apparent use and must retain it\u2019s original packaging, the customer must bear the shipping costs.<\/p>","protected":false},"excerpt":{"rendered":"<p>PRODUCTO EN PERFECTO ESTADO *PRODUCTOS EN SALE, NO TIENEN CAMBIO NI DEVOLUCI\u00d3N. \u2022ENV\u00cdO: 2 A 3 D\u00cdAS H\u00c1BILES INCLUYE: UNA (1) CORREA AJUSTABLE LISA DE CUERO. Nueva gran pieza con nuestro dise\u00f1o ic\u00f3nico de coraz\u00f3n pixelado realizado en t\u00e9cnica artesanal de relieve, esta suave cartera es perfecta para el d\u00eda [&hellip;]<\/p>","protected":false},"featured_media":9335,"template":"","meta":[],"product_brand":[],"product_cat":[168,180,78],"product_tag":[],"class_list":{"0":"post-10313","1":"product","2":"type-product","3":"status-publish","4":"has-post-thumbnail","6":"product_cat-sale","7":"product_cat-ver-todo-accesorios","8":"product_cat-accesorios","10":"first","11":"instock","12":"sale","13":"taxable","14":"shipping-taxable","15":"purchasable","16":"product-type-simple"},"_links":{"self":[{"href":"https:\/\/juanagomezofficial.com\/en\/wp-json\/wp\/v2\/product\/10313","targetHints":{"allow":["GET"]}}],"collection":[{"href":"https:\/\/juanagomezofficial.com\/en\/wp-json\/wp\/v2\/product"}],"about":[{"href":"https:\/\/juanagomezofficial.com\/en\/wp-json\/wp\/v2\/types\/product"}],"wp:featuredmedia":[{"embeddable":true,"href":"https:\/\/juanagomezofficial.com\/en\/wp-json\/wp\/v2\/media\/9335"}],"wp:attachment":[{"href":"https:\/\/juanagomezofficial.com\/en\/wp-json\/wp\/v2\/media?parent=10313"}],"wp:term":[{"taxonomy":"product_brand","embeddable":true,"href":"https:\/\/juanagomezofficial.com\/en\/wp-json\/wp\/v2\/product_brand?post=10313"},{"taxonomy":"product_cat","embeddable":true,"href":"https:\/\/juanagomezofficial.com\/en\/wp-json\/wp\/v2\/product_cat?post=10313"},{"taxonomy":"product_tag","embeddable":true,"href":"https:\/\/juanagomezofficial.com\/en\/wp-json\/wp\/v2\/product_tag?post=10313"}],"curies":[{"name":"wp","href":"https:\/\/api.w.org\/{rel}","templated":true}]}}