{"id":10281,"date":"2025-11-27T20:28:43","date_gmt":"2025-11-28T01:28:43","guid":{"rendered":"https:\/\/juanagomezofficial.com\/?post_type=product&#038;p=10281"},"modified":"2026-03-10T11:22:38","modified_gmt":"2026-03-10T16:22:38","slug":"top-emoji-fucsia-2","status":"publish","type":"product","link":"https:\/\/juanagomezofficial.com\/en\/product\/top-emoji-fucsia-2\/","title":{"rendered":"Top Emoji Fucsia."},"content":{"rendered":"<p><span style=\"color: #ff0000;\"><strong>PRENDA EN PERFECTO ESTADO<\/strong><\/span><\/p>\n<p><span style=\"color: #ff0000;\"><strong>*PRENDAS EN SALE, NO TIENEN CAMBIO NI DEVOLUCI\u00d3N.<\/strong><\/span><\/p>\n<p><strong>\u2022ENV\u00cdO: 2 A 3 D\u00cdAS H\u00c1BILES<\/strong><\/p>\n<p><!--more--><\/p>\n<p>|en| \u2022Shipping:5 to 8 business days.<\/p>\n<p>The model is wearing small size.<\/p>\n<p>The model&#8217;s height is 174 cm \/ bust 80 cm &#8211; 31.5 in \/ waist 65 cm &#8211; 25.5 in \/ hips 90 cm \u2013 35.4 in<\/p>\n<p>\u2022Material: 50% Acrylic Wool \u2013 50% Polyester<\/p>\n<p>\u2022Country of Manufacture: Colombia<\/p>\n<p>\u2022Care:<\/p>\n<p>\u2022DELICATE GARMENT<\/p>\n<p>\u2022STORE FOLDED, DO NOT HANG<\/p>\n<p>\u2022Not dry clean<\/p>\n<p>\u2022No tumble dryer<\/p>\n<p>\u2022No bleach<\/p>\n<p>\u2022No soak<\/p>\n<p>\u2022Dry spread in the shade on a flat surface<\/p>\n<p>\u2022Iron at low-medium temperature (no higher than 100 \u00b0C )<\/p>\n<p>\u2022Returns:The customer has 2 business days after receiving the product to express the intention of exchange to Juana Gomez; the product must not show signs of apparent use and must retain it\u2019s original packaging, the customer must bear the shipping costs.<\/p>","protected":false},"excerpt":{"rendered":"<p>PRENDA EN PERFECTO ESTADO *PRENDAS EN SALE, NO TIENEN CAMBIO NI DEVOLUCI\u00d3N. \u2022ENV\u00cdO: 2 A 3 D\u00cdAS H\u00c1BILES<\/p>","protected":false},"featured_media":5912,"template":"","meta":[],"product_brand":[],"product_cat":[168,120,111,123],"product_tag":[],"class_list":{"0":"post-10281","1":"product","2":"type-product","3":"status-publish","4":"has-post-thumbnail","6":"product_cat-sale","7":"product_cat-tops","8":"product_cat-colecciones","9":"product_cat-ventura","11":"first","12":"instock","13":"sale","14":"taxable","15":"shipping-taxable","16":"purchasable","17":"product-type-variable"},"_links":{"self":[{"href":"https:\/\/juanagomezofficial.com\/en\/wp-json\/wp\/v2\/product\/10281","targetHints":{"allow":["GET"]}}],"collection":[{"href":"https:\/\/juanagomezofficial.com\/en\/wp-json\/wp\/v2\/product"}],"about":[{"href":"https:\/\/juanagomezofficial.com\/en\/wp-json\/wp\/v2\/types\/product"}],"wp:featuredmedia":[{"embeddable":true,"href":"https:\/\/juanagomezofficial.com\/en\/wp-json\/wp\/v2\/media\/5912"}],"wp:attachment":[{"href":"https:\/\/juanagomezofficial.com\/en\/wp-json\/wp\/v2\/media?parent=10281"}],"wp:term":[{"taxonomy":"product_brand","embeddable":true,"href":"https:\/\/juanagomezofficial.com\/en\/wp-json\/wp\/v2\/product_brand?post=10281"},{"taxonomy":"product_cat","embeddable":true,"href":"https:\/\/juanagomezofficial.com\/en\/wp-json\/wp\/v2\/product_cat?post=10281"},{"taxonomy":"product_tag","embeddable":true,"href":"https:\/\/juanagomezofficial.com\/en\/wp-json\/wp\/v2\/product_tag?post=10281"}],"curies":[{"name":"wp","href":"https:\/\/api.w.org\/{rel}","templated":true}]}}