{"id":10238,"date":"2025-11-27T19:58:43","date_gmt":"2025-11-28T00:58:43","guid":{"rendered":"https:\/\/juanagomezofficial.com\/?post_type=product&#038;p=10238"},"modified":"2026-03-10T12:15:48","modified_gmt":"2026-03-10T17:15:48","slug":"vestido-universo","status":"publish","type":"product","link":"https:\/\/juanagomezofficial.com\/en\/product\/vestido-universo\/","title":{"rendered":"Vestido Universo."},"content":{"rendered":"<p><span style=\"color: #ff0000;\"><strong>PRENDA EN PERFECTO ESTADO<\/strong><\/span><\/p>\n<p><span style=\"color: #ff0000;\"><strong>IMPORTANTE: PRENDAS EN DESCUENTO NO TIENEN CAMBIO NI DEVOLUCI\u00d3N.<\/strong><\/span><\/p>\n<p><strong>\u2022ENV\u00cdO: 2 a 3 D\u00cdAS H\u00c1BILES<\/strong><\/p>\n<p>\u00abDespertaste y le diste vuelta a mi universo\u00bb<\/p>\n<p>Nuestro Vestido Universo tejido en t\u00e9cnica manual cuenta con mangas y ruedo acampanado con s\u00fatil detalle en puntada, entalle perfecto que resalta la silueta. Incluye cintur\u00f3n tejido con flecos hechos y confeccionados por manos de artesanas colombianas.<\/p>\n<p>\u2022Composici\u00f3n: 25% Algod\u00f3n Pima &#8211; 75% Acr\u00edlico<\/p>\n<p>\u2022Instrucciones de lavado: Lavar a mano, Prenda delicada, Almacenar doblado, no colgar.<\/p>\n<p>\u2022Uso: Sary nuestra modelo mide 1,80 mt. y esta usando la talla S<\/p>\n<p>\u2022El cliente tiene 2 d\u00edas h\u00e1biles despu\u00e9s de recibir el producto para notificar novedades en su compra y\/o para manifestar la intenci\u00f3n de cambio a Juana G\u00f3mez; el producto no debe presentar signos de uso aparente y debe conservar su embalaje original, el cliente deber\u00e1 correr con los gastos de env\u00edo. |en| <strong>Shipping: 4-7 working days<\/strong><\/p>\n<p>\u2022Washing instructions: Hand Wash, Delicate Garment, Store Folded, do not hang.<\/p>\n<p>\u2022Composition: 25% Pima Cotton &#8211; 75% Acrylic<\/p>\n<p>\u2022Wearing: The model is 1.80 m wearing size S<\/p>\n<p>\u2022Made by Colombian artisans.<\/p>\n<p>\u2022Returns: The customer has 2 business days after receiving the product to express the intention of exchange to Juana Gomez; the product must not show signs of apparent use and must retain its original packaging, the customer must bear the shipping costs.<\/p>","protected":false},"excerpt":{"rendered":"<p>PRENDA EN PERFECTO ESTADO IMPORTANTE: PRENDAS EN DESCUENTO NO TIENEN CAMBIO NI DEVOLUCI\u00d3N. \u2022ENV\u00cdO: 2 a 3 D\u00cdAS H\u00c1BILES \u00abDespertaste y le diste vuelta a mi universo\u00bb Nuestro Vestido Universo tejido en t\u00e9cnica manual cuenta con mangas y ruedo acampanado con s\u00fatil detalle en puntada, entalle perfecto que resalta la [&hellip;]<\/p>\n","protected":false},"featured_media":8689,"template":"","meta":[],"product_brand":[],"product_cat":[111,174,168,121],"product_tag":[],"class_list":{"0":"post-10238","1":"product","2":"type-product","3":"status-publish","4":"has-post-thumbnail","6":"product_cat-colecciones","7":"product_cat-color-sol","8":"product_cat-sale","9":"product_cat-vestidos","11":"first","12":"instock","13":"sale","14":"taxable","15":"shipping-taxable","16":"purchasable","17":"product-type-variable"},"_links":{"self":[{"href":"https:\/\/juanagomezofficial.com\/en\/wp-json\/wp\/v2\/product\/10238","targetHints":{"allow":["GET"]}}],"collection":[{"href":"https:\/\/juanagomezofficial.com\/en\/wp-json\/wp\/v2\/product"}],"about":[{"href":"https:\/\/juanagomezofficial.com\/en\/wp-json\/wp\/v2\/types\/product"}],"wp:featuredmedia":[{"embeddable":true,"href":"https:\/\/juanagomezofficial.com\/en\/wp-json\/wp\/v2\/media\/8689"}],"wp:attachment":[{"href":"https:\/\/juanagomezofficial.com\/en\/wp-json\/wp\/v2\/media?parent=10238"}],"wp:term":[{"taxonomy":"product_brand","embeddable":true,"href":"https:\/\/juanagomezofficial.com\/en\/wp-json\/wp\/v2\/product_brand?post=10238"},{"taxonomy":"product_cat","embeddable":true,"href":"https:\/\/juanagomezofficial.com\/en\/wp-json\/wp\/v2\/product_cat?post=10238"},{"taxonomy":"product_tag","embeddable":true,"href":"https:\/\/juanagomezofficial.com\/en\/wp-json\/wp\/v2\/product_tag?post=10238"}],"curies":[{"name":"wp","href":"https:\/\/api.w.org\/{rel}","templated":true}]}}