{"id":10224,"date":"2025-11-27T19:54:33","date_gmt":"2025-11-28T00:54:33","guid":{"rendered":"https:\/\/juanagomezofficial.com\/?post_type=product&#038;p=10224"},"modified":"2026-03-19T17:38:30","modified_gmt":"2026-03-19T22:38:30","slug":"pantalon-ventura-alegre-rojo-2","status":"publish","type":"product","link":"https:\/\/juanagomezofficial.com\/en\/product\/pantalon-ventura-alegre-rojo-2\/","title":{"rendered":"Pantalon Ventura Alegre Rojo."},"content":{"rendered":"<p><span style=\"color: #ff0000;\"><strong>PRENDA EN PERFECTO ESTADO<\/strong><\/span><\/p>\n<p><span style=\"color: #ff0000;\"><strong>PRENDAS EN DESCUENTO NO TIENEN CAMBIO NI DEVOLUCI\u00d3N.<\/strong><\/span><\/p>\n<p><strong>\u2022ENV\u00cdO: 2 a 3 D\u00cdAS H\u00c1BILES<\/strong><\/p>\n<p>Nuestros pantalones Ventura de corte recto en tejido ligero, tiro alto, cuentan con bolsillos laterales y cintura el\u00e1stica para brindarte mayor ajuste y comodidad.<\/p>\n<p>Vanessa, nuestra modelo esta usando la Talla S.<\/p>\n<p>(Las medidas de Vanessa son: Altura 174cm, Busto 80cm, Cintura 65cm, Cadera 90cm)<\/p>\n<p>\u2022Material: 50% Lana Acr\u00edlica \u2013 50% Hilo Poli\u00e9ster<\/p>\n<p>\u2022Pa\u00eds de fabricaci\u00f3n: Colombia, esta prenda es realizada en tejido industrial con acabados a mano.<\/p>\n<p>\u2022Cuidados:<\/p>\n<p>\u2022PRENDA DELICADA<\/p>\n<p>\u2022ALMACENAR DOBLADO, NO COLGAR<\/p>\n<p>\u2022No lavado en seco<\/p>\n<p>\u2022No secadora<\/p>\n<p>\u2022No blanqueador<\/p>\n<p>\u2022No dejar en Remojo<\/p>\n<p>\u2022Secar extendido a la sombra en superficie plana<\/p>\n<p>\u2022Planchar a temperatura baja-media (no mayor a 100\u00b0C)<\/p>\n<p>\u2022Garant\u00eda: 30 d\u00edas por defectos de fabricaci\u00f3n.<\/p>\n<p>\u2022Devoluciones: El cliente tiene 2 d\u00edas h\u00e1biles despu\u00e9s de recibir el producto para manifestar la intenci\u00f3n de cambio a Juana G\u00f3mez; el producto no debe presentar se\u00f1ales de uso aparente y debe conservar su pin y empaque original. El cliente asume los costos de env\u00edo.<\/p>\n<p>|en| \u2022Shipping:5 to 8 business days.<\/p>\n<p>Our Ventura trousers in knit fabric, high waist, straight cut, elastic waistband and two side pockets&#8230; trust us, they are very comfortable.<\/p>\n<p>The model is wearing small size.<\/p>\n<p>The model&#8217;s height is 174 cm \/ bust 80 cm &#8211; 31.5 in \/ waist 65 cm &#8211; 25.5 in \/ hips 90 cm \u2013 35.4 in<\/p>\n<p>\u2022Material: 50% Acrylic Wool \u2013 50% Polyester<\/p>\n<p>\u2022Country of Manufacture: Colombia<\/p>\n<p>\u2022Care:<\/p>\n<p>\u2022DELICATE GARMENT<\/p>\n<p>\u2022STORE FOLDED, DO NOT HANG<\/p>\n<p>\u2022Not dry clean<\/p>\n<p>\u2022No tumble dryer<\/p>\n<p>\u2022No bleach<\/p>\n<p>\u2022No soak<\/p>\n<p>\u2022Dry spread in the shade on a flat surface<\/p>\n<p>\u2022Iron at low-medium temperature (no higher than 100 \u00b0C )<\/p>\n<p>\u2022Warranty: 30 days for manufacturing defects.<\/p>\n<p>\u2022Returns:The customer has 2 business days after receiving the product to express the intention of exchange to Juana Gomez; the product must not show signs of apparent use and must retain it\u2019s original packaging, the customer must bear the shipping costs.<\/p>","protected":false},"excerpt":{"rendered":"<p>PRENDA EN PERFECTO ESTADO PRENDAS EN DESCUENTO NO TIENEN CAMBIO NI DEVOLUCI\u00d3N. \u2022ENV\u00cdO: 2 a 3 D\u00cdAS H\u00c1BILES Nuestros pantalones Ventura de corte recto en tejido ligero, tiro alto, cuentan con bolsillos laterales y cintura el\u00e1stica para brindarte mayor ajuste y comodidad. Vanessa, nuestra modelo esta usando la Talla S. [&hellip;]<\/p>","protected":false},"featured_media":7549,"template":"","meta":[],"product_brand":[],"product_cat":[168,117,111,123],"product_tag":[],"class_list":{"0":"post-10224","1":"product","2":"type-product","3":"status-publish","4":"has-post-thumbnail","6":"product_cat-sale","7":"product_cat-pantalones","8":"product_cat-colecciones","9":"product_cat-ventura","11":"first","12":"instock","13":"sale","14":"taxable","15":"shipping-taxable","16":"purchasable","17":"product-type-variable"},"_links":{"self":[{"href":"https:\/\/juanagomezofficial.com\/en\/wp-json\/wp\/v2\/product\/10224","targetHints":{"allow":["GET"]}}],"collection":[{"href":"https:\/\/juanagomezofficial.com\/en\/wp-json\/wp\/v2\/product"}],"about":[{"href":"https:\/\/juanagomezofficial.com\/en\/wp-json\/wp\/v2\/types\/product"}],"wp:featuredmedia":[{"embeddable":true,"href":"https:\/\/juanagomezofficial.com\/en\/wp-json\/wp\/v2\/media\/7549"}],"wp:attachment":[{"href":"https:\/\/juanagomezofficial.com\/en\/wp-json\/wp\/v2\/media?parent=10224"}],"wp:term":[{"taxonomy":"product_brand","embeddable":true,"href":"https:\/\/juanagomezofficial.com\/en\/wp-json\/wp\/v2\/product_brand?post=10224"},{"taxonomy":"product_cat","embeddable":true,"href":"https:\/\/juanagomezofficial.com\/en\/wp-json\/wp\/v2\/product_cat?post=10224"},{"taxonomy":"product_tag","embeddable":true,"href":"https:\/\/juanagomezofficial.com\/en\/wp-json\/wp\/v2\/product_tag?post=10224"}],"curies":[{"name":"wp","href":"https:\/\/api.w.org\/{rel}","templated":true}]}}