{"id":10213,"date":"2025-11-27T19:37:52","date_gmt":"2025-11-28T00:37:52","guid":{"rendered":"https:\/\/juanagomezofficial.com\/?post_type=product&#038;p=10213"},"modified":"2026-02-06T13:55:23","modified_gmt":"2026-02-06T18:55:23","slug":"maxiscarf-cuorebeat-lila","status":"publish","type":"product","link":"https:\/\/juanagomezofficial.com\/en\/product\/maxiscarf-cuorebeat-lila\/","title":{"rendered":"Maxiscarf CuoreBeat Lila."},"content":{"rendered":"<p><span style=\"color: #ff0000;\"><strong>PRENDA EN PERFECTO ESTADO<\/strong><\/span><\/p>\n<p><span style=\"color: #ff0000;\"><strong>*PRENDAS EN SALE, NO TIENEN CAMBIO NI DEVOLUCI\u00d3N.<\/strong><\/span><\/p>\n<p><strong>Env\u00edo: 2 a 3 d\u00edas h\u00e1biles<\/strong><\/p>\n<p>Amar\u00e1s tu Maxiscarf CuoreBeat, tanto como nosotros!<br \/>\nPrenda en tejido de punto inspirada en nuestro coraz\u00f3n ic\u00f3nico pixelado + animal print. Es la prenda doble faz m\u00e1s vers\u00e1til que conocer\u00e1s!!!<\/p>\n<p>\u2022Material: 100% Lana Acr\u00edlica<\/p>\n<p>\u2022Pa\u00eds de fabricaci\u00f3n: Colombia<\/p>\n<p>\u2022Cuidados:<\/p>\n<p>\u2022No lavado en seco<\/p>\n<p>\u2022No secadora<\/p>\n<p>\u2022No blanqueador<\/p>\n<p>\u2022Secar extendido a la sombra en superficie plana<\/p>\n<p>\u2022Almacenar doblado, no colgar<\/p>\n<p>\u2022Planchar a temperatura baja-media (no mayor a 100\u00b0C) |en| Shipping: 7-10 working days<\/p>\n<p>You will love your garment, as much as we do!.<br \/>\nIt is the most versatile reversible unisex garment you will know!!!<\/p>\n<p>\u2022Material: 100% Acrylic Wool<\/p>\n<p>\u2022Country of Manufacture: Colombia<\/p>\n<p>\u2022Care:<\/p>\n<p>\u2022Not dry clean<\/p>\n<p>\u2022No tumble dryer<\/p>\n<p>\u2022No bleach<\/p>\n<p>\u2022Dry spread in the shade on a flat surface<\/p>\n<p>\u2022Store folded, do not hang<\/p>\n<p>\u2022Iron at low-medium temperature (no higher than 100 \u00b0C)<\/p>\n<p>&nbsp;<\/p>","protected":false},"excerpt":{"rendered":"<p>PRENDA EN PERFECTO ESTADO *PRENDAS EN SALE, NO TIENEN CAMBIO NI DEVOLUCI\u00d3N. Env\u00edo: 2 a 3 d\u00edas h\u00e1biles Amar\u00e1s tu Maxiscarf CuoreBeat, tanto como nosotros! Prenda en tejido de punto inspirada en nuestro coraz\u00f3n ic\u00f3nico pixelado + animal print. Es la prenda doble faz m\u00e1s vers\u00e1til que conocer\u00e1s!!! \u2022Material: 100% [&hellip;]<\/p>\n","protected":false},"featured_media":7074,"template":"","meta":[],"product_brand":[],"product_cat":[111,167,77,168],"product_tag":[],"class_list":{"0":"post-10213","1":"product","2":"type-product","3":"status-publish","4":"has-post-thumbnail","6":"product_cat-colecciones","7":"product_cat-cuore-beat","8":"product_cat-maxiscarfs","9":"product_cat-sale","11":"first","12":"instock","13":"sale","14":"taxable","15":"shipping-taxable","16":"purchasable","17":"product-type-simple"},"_links":{"self":[{"href":"https:\/\/juanagomezofficial.com\/en\/wp-json\/wp\/v2\/product\/10213","targetHints":{"allow":["GET"]}}],"collection":[{"href":"https:\/\/juanagomezofficial.com\/en\/wp-json\/wp\/v2\/product"}],"about":[{"href":"https:\/\/juanagomezofficial.com\/en\/wp-json\/wp\/v2\/types\/product"}],"wp:featuredmedia":[{"embeddable":true,"href":"https:\/\/juanagomezofficial.com\/en\/wp-json\/wp\/v2\/media\/7074"}],"wp:attachment":[{"href":"https:\/\/juanagomezofficial.com\/en\/wp-json\/wp\/v2\/media?parent=10213"}],"wp:term":[{"taxonomy":"product_brand","embeddable":true,"href":"https:\/\/juanagomezofficial.com\/en\/wp-json\/wp\/v2\/product_brand?post=10213"},{"taxonomy":"product_cat","embeddable":true,"href":"https:\/\/juanagomezofficial.com\/en\/wp-json\/wp\/v2\/product_cat?post=10213"},{"taxonomy":"product_tag","embeddable":true,"href":"https:\/\/juanagomezofficial.com\/en\/wp-json\/wp\/v2\/product_tag?post=10213"}],"curies":[{"name":"wp","href":"https:\/\/api.w.org\/{rel}","templated":true}]}}