{"id":10091,"date":"2025-11-20T18:53:06","date_gmt":"2025-11-20T23:53:06","guid":{"rendered":"https:\/\/juanagomezofficial.com\/?post_type=product&#038;p=10091"},"modified":"2026-03-21T18:32:42","modified_gmt":"2026-03-21T23:32:42","slug":"vestido-memoria","status":"publish","type":"product","link":"https:\/\/juanagomezofficial.com\/en\/product\/vestido-memoria\/","title":{"rendered":"Vestido Memoria"},"content":{"rendered":"<p><strong>Env\u00edo: 2 a 3 d\u00edas h\u00e1biles<\/strong><\/p>\n<p>Vestido Memoria est\u00e1 confeccionado en una tela de tacto sedoso y confortable, con un delicado acabado satinado que aporta luz sin resultar excesivo. Su silueta acompa\u00f1a y realza las curvas con sutileza, sin generar incomodidad, gracias a un escote en V tanto en el delantero como en la espalda, dise\u00f1ado para poder llevar la ropa interior con total tranquilidad.<\/p>\n<p>Incorpora aberturas laterales, tiras ajustables y cremallera en el costado para lograr un calce m\u00e1s preciso y arm\u00f3nico, haciendo de esta pieza una opci\u00f3n elegante, femenina y c\u00f3moda a la vez. Puedes usarlo con nuestro Maxi Collar Alma, tejido por manos de las comunidades ind\u00edgenas colombianas D\u00f3bida, Eyabida, Inga y Kamentsa. Al elegir este tipo de piezas, no solo sumas dise\u00f1o con identidad a tu cl\u00f3set, sino que tambi\u00e9n apoyas la preservaci\u00f3n de saberes ancestrales y contribuyes a fortalecer la econom\u00eda de estas comunidades, generando un impacto social real a trav\u00e9s de lo que vistes.<\/p>\n<p>NO INCLUYE ACCESORIOS<\/p>\n<p>\u2022Material: 96.5% Polyester &#8211; 3.5% Spandex<\/p>\n<p>\u2022Pa\u00eds de fabricaci\u00f3n: Colombia<\/p>\n<p>\u2022Cuidados:<\/p>\n<p>\u2022No blanqueador<\/p>\n<p>\u2022Planchar a temperatura baja-media (no mayor a 100\u00b0C) |en|<\/p>\n<p>Memoria Dress is crafted from a softly silky, comfortable fabric with a delicate satin finish that catches the light without feeling overdone. Its silhouette gently follows and enhances the body\u2019s curves, without discomfort, thanks to a V-neckline at both the front and back, thoughtfully designed so you can wear your usual underwear with ease.<\/p>\n<p>It features side slits, adjustable straps, and a concealed side zipper for a more precise, harmonious fit, making this a piece that feels elegant, feminine, and comfortable all at once.<\/p>\n<p>Wear it with our Alma Maxi Necklace, handcrafted by artisans from the Colombian Indigenous communities D\u00f3bida, Eyabida, Inga, and Kamentsa. By choosing pieces like this, you not only add meaningful, identity-rich design to your wardrobe, but also help preserve ancestral knowledge and support the local economies of these communities\u2014creating real social impact through what you wear.<\/p>\n<p>Accessories not included<\/p>\n<p>\u2022Material: 96.5% Polyester &#8211; 3.5% Spandex<\/p>\n<p>\u2022Country of Manufacture: Colombia<\/p>\n<p>\u2022Care:<\/p>\n<p>\u2022No bleach<\/p>\n<p>\u2022Iron at low-medium temperature (no higher than 100 \u00b0C)<\/p>","protected":false},"excerpt":{"rendered":"<p>Su silueta acompa\u00f1a y realza las curvas con sutileza<\/p>","protected":false},"featured_media":9838,"template":"","meta":[],"product_brand":[],"product_cat":[210,121,111],"product_tag":[],"class_list":{"0":"post-10091","1":"product","2":"type-product","3":"status-publish","4":"has-post-thumbnail","6":"product_cat-manglar","7":"product_cat-vestidos","8":"product_cat-colecciones","10":"first","11":"instock","12":"taxable","13":"shipping-taxable","14":"purchasable","15":"product-type-variable"},"_links":{"self":[{"href":"https:\/\/juanagomezofficial.com\/en\/wp-json\/wp\/v2\/product\/10091","targetHints":{"allow":["GET"]}}],"collection":[{"href":"https:\/\/juanagomezofficial.com\/en\/wp-json\/wp\/v2\/product"}],"about":[{"href":"https:\/\/juanagomezofficial.com\/en\/wp-json\/wp\/v2\/types\/product"}],"wp:featuredmedia":[{"embeddable":true,"href":"https:\/\/juanagomezofficial.com\/en\/wp-json\/wp\/v2\/media\/9838"}],"wp:attachment":[{"href":"https:\/\/juanagomezofficial.com\/en\/wp-json\/wp\/v2\/media?parent=10091"}],"wp:term":[{"taxonomy":"product_brand","embeddable":true,"href":"https:\/\/juanagomezofficial.com\/en\/wp-json\/wp\/v2\/product_brand?post=10091"},{"taxonomy":"product_cat","embeddable":true,"href":"https:\/\/juanagomezofficial.com\/en\/wp-json\/wp\/v2\/product_cat?post=10091"},{"taxonomy":"product_tag","embeddable":true,"href":"https:\/\/juanagomezofficial.com\/en\/wp-json\/wp\/v2\/product_tag?post=10091"}],"curies":[{"name":"wp","href":"https:\/\/api.w.org\/{rel}","templated":true}]}}