{"id":2242,"date":"2019-07-09T23:07:16","date_gmt":"2019-07-09T23:07:16","guid":{"rendered":"https:\/\/goya.everthemes.com\/demo-fashion\/?page_id=2242"},"modified":"2025-06-21T17:01:11","modified_gmt":"2025-06-21T22:01:11","slug":"store-locations","status":"publish","type":"page","link":"https:\/\/juanagomezofficial.com\/en\/store-locations\/","title":{"rendered":"Find Us"},"content":{"rendered":"<div class=\"wpb-content-wrapper\"><div  class=\"sec_row container\"><div class=\"vc_row wpb_row vc_row-fluid vc_custom_1579729849963\"><div class=\"wpb_column vc_column_container animation bottom-to-top vc_col-sm-12 et-dark-column\"><div class=\"vc_column-inner\"><div class=\"wpb_wrapper\"><div class=\"vc_row wpb_row vc_inner vc_row-fluid max_width align-center align-center vc_custom_1579728862767\"><div class=\"wpb_column vc_column_container animation left-to-right vc_col-sm-12 vc_col-lg-6 et-dark-column\"><div class=\"vc_column-inner\"><div class=\"wpb_wrapper\">\n\t<div class=\"wpb_text_column wpb_content_element\" >\n\t\t<div class=\"wpb_wrapper\">\n\t\t\t<p>Find Us<\/p>\n<p>Visit us at the best concept stores of Colombian talent and know the stories behind our products.<\/p>\n\n\t\t<\/div>\n\t<\/div>\n<\/div><\/div><\/div><\/div>\n\t<div class=\"et_map_group row max_width flex-row-reverse\">\n\n\t\t<div class=\"et_map_parent col-md-7 col-lg-8\"\n\t\t\tstyle=\"height:65vh\" \n\t\t\tdata-map-style=\"paper\" \n\t\t\tdata-custom-map-style=\"\" \n\t\t\tdata-map-zoom=\"14\" \n\t\t\tdata-map-type=\"roadmap\" \n\t\t\tdata-pan-control=\"1\" \n\t\t\tdata-zoom-control=\"1\" \n\t\t\tdata-maptype-control=\"1\" \n\t\t\tdata-scale-control=\"1\" \n\t\t\tdata-streetview-control=\"1\">\n\t\t\t\t\t\t\t\t\n\t<input class=\"et-location-data\" type=\"hidden\" data-option=\"{&quot;marker_image&quot;:&quot;https:\\\/\\\/juanagomezofficial.com\\\/wp-content\\\/themes\\\/goya\\\/assets\\\/img\\\/pin.png&quot;,&quot;marker_title&quot;:&quot;Juana Gomez Showroom&quot;,&quot;marker_description&quot;:&quot;Carrera 13 # 79-17&lt;br \\\/&gt;\\n+57 319 5523416&lt;br \\\/&gt;\\nDetr\\u00e1s de CC Atlantis&lt;br \\\/&gt;\\nBogot\\u00e1, COLOMBIA&quot;,&quot;marker_size&quot;:[80,108],&quot;retina_marker&quot;:&quot;1&quot;,&quot;latitude&quot;:&quot;4.665149760384285&quot;,&quot;longitude&quot;:&quot;-74.05612065871638&quot;}\" \/>\n\t\n\t\t\n\t<input class=\"et-location-data\" type=\"hidden\" data-option=\"{&quot;marker_image&quot;:&quot;https:\\\/\\\/juanagomezofficial.com\\\/wp-content\\\/themes\\\/goya\\\/assets\\\/img\\\/pin.png&quot;,&quot;marker_title&quot;:&quot;St Dom&quot;,&quot;marker_description&quot;:&quot;Calle 79b#8-40&lt;br \\\/&gt;\\nCalle de los Anticuarios&lt;br \\\/&gt;\\n+57 317 6354353&lt;br \\\/&gt;\\nBogot\\u00e1, COLOMBIA&quot;,&quot;marker_size&quot;:[80,108],&quot;retina_marker&quot;:&quot;1&quot;,&quot;latitude&quot;:&quot;4.662705389303747&quot;,&quot;longitude&quot;:&quot;-74.05187086313907&quot;}\" \/>\n\t\n\t\t\n\t<input class=\"et-location-data\" type=\"hidden\" data-option=\"{&quot;marker_image&quot;:&quot;https:\\\/\\\/juanagomezofficial.com\\\/wp-content\\\/themes\\\/goya\\\/assets\\\/img\\\/pin.png&quot;,&quot;marker_title&quot;:&quot;Ocho 43&quot;,&quot;marker_description&quot;:&quot;Cl. 8 # 43C-05&lt;br \\\/&gt;\\nEl Poblado&lt;br \\\/&gt;\\n+57 305 2492397&lt;br \\\/&gt;\\nMedell\\u00edn, COLOMBIA&quot;,&quot;marker_size&quot;:[80,108],&quot;retina_marker&quot;:&quot;1&quot;,&quot;latitude&quot;:&quot;6.209821282438587&quot;,&quot;longitude&quot;:&quot;-75.57267594232736&quot;}\" \/>\n\t\n\t\t\n\t<input class=\"et-location-data\" type=\"hidden\" data-option=\"{&quot;marker_image&quot;:&quot;https:\\\/\\\/juanagomezofficial.com\\\/wp-content\\\/themes\\\/goya\\\/assets\\\/img\\\/pin.png&quot;,&quot;marker_title&quot;:&quot;Barrio Latino&quot;,&quot;marker_description&quot;:&quot;Calle 16 # 103-10 - Sede Ciudad Jard\\u00edn&lt;br \\\/&gt;\\nLocal 10 - C.C. Casa del R\\u00edo&lt;br \\\/&gt;\\n+57 322 5876756&lt;br \\\/&gt;\\nCali, COLOMBIA&quot;,&quot;marker_size&quot;:[80,108],&quot;retina_marker&quot;:&quot;1&quot;,&quot;latitude&quot;:&quot;3.3650011973792933&quot;,&quot;longitude&quot;:&quot;-76.53155468871181&quot;}\" \/>\n\t\n\t\t\n\t<input class=\"et-location-data\" type=\"hidden\" data-option=\"{&quot;marker_image&quot;:&quot;https:\\\/\\\/juanagomezofficial.com\\\/wp-content\\\/themes\\\/goya\\\/assets\\\/img\\\/pin.png&quot;,&quot;marker_title&quot;:&quot;Barrio Latino&quot;,&quot;marker_description&quot;:&quot;Av 9 # 10-114 - Sede Granada&lt;br \\\/&gt;\\n+57 321 7545294&lt;br \\\/&gt;\\nCali, COLOMBIA&quot;,&quot;marker_size&quot;:[80,108],&quot;retina_marker&quot;:&quot;1&quot;,&quot;latitude&quot;:&quot;3.456583&quot;,&quot;longitude&quot;:&quot;-76.536194&quot;}\" \/>\n\t\n\t\t\n\t<input class=\"et-location-data\" type=\"hidden\" data-option=\"{&quot;marker_image&quot;:&quot;https:\\\/\\\/juanagomezofficial.com\\\/wp-content\\\/themes\\\/goya\\\/assets\\\/img\\\/pin.png&quot;,&quot;marker_title&quot;:&quot;St Dom Cartagena&quot;,&quot;marker_description&quot;:&quot;Cra. 3 #33 70&lt;br \\\/&gt;\\nCalle Santo Domingo&lt;br \\\/&gt;\\n+57 3174323485&lt;br \\\/&gt;\\nCartagena, COLOMBIA&quot;,&quot;marker_size&quot;:[80,108],&quot;retina_marker&quot;:&quot;1&quot;,&quot;latitude&quot;:&quot;10.423902436595833&quot;,&quot;longitude&quot;:&quot;-75.55208927475972&quot;}\" \/>\n\t\n\t\t\n\t<input class=\"et-location-data\" type=\"hidden\" data-option=\"{&quot;marker_image&quot;:&quot;https:\\\/\\\/juanagomezofficial.com\\\/wp-content\\\/themes\\\/goya\\\/assets\\\/img\\\/pin.png&quot;,&quot;marker_title&quot;:&quot;Flor Amazona&quot;,&quot;marker_description&quot;:&quot;Carrera 36 # 49-45&lt;br \\\/&gt;\\nCentro Comercial la Quinta&lt;br \\\/&gt;\\nLocal 302&lt;br \\\/&gt;\\n+57 317 2913275&lt;br \\\/&gt;\\nBucaramanga, COLOMBIA&quot;,&quot;marker_size&quot;:[80,108],&quot;retina_marker&quot;:&quot;1&quot;,&quot;latitude&quot;:&quot;7.11547653262822&quot;,&quot;longitude&quot;:&quot;-73.10824591804526&quot;}\" \/>\n\t\n\t\t\t\t\t\t<\/div>\n\n\t\t\t\t\t<div id=\"et-map-parent-240\" class=\"et_location_list vertical col-md-5 col-lg-4 slick slick-slider\" data-columns=\"5\" data-autoplay=\"false\" data-vertical=\"true\" data-adaptive-height=\"false\" data-pagination=\"true\" data-navigation=\"true\" data-infinite=\"false\">\n\t\t\t\t\t\t\t\t\t<div class=\"et_location_outer\">\n\t\t\t\t\t\t<div class=\"et_location active\">\n\t\t\t\t\t\t\t<h5>1. Juana Gomez Showroom<\/h5>\n\t\t\t\t\t\t\tCarrera 13 # 79-17<br \/>\n+57 319 5523416<br \/>\nDetr\u00e1s de CC Atlantis<br \/>\nBogot\u00e1, COLOMBIA\t\t\t\t\t\t<\/div>\n\t\t\t\t\t\t\t\t\t\t\t\t<!-- <a target=\"_blank\" href=\"https:\/\/www.google.es\/maps?q=4.665149760384285,-74.05612065871638\" class=\"a-to-gmap\">Ver en Google Maps<\/a> -->\n\t\t\t\t\t<\/div>\n\t\t\t\t\t\t\t\t\t<div class=\"et_location_outer\">\n\t\t\t\t\t\t<div class=\"et_location\">\n\t\t\t\t\t\t\t<h5>2. St Dom<\/h5>\n\t\t\t\t\t\t\tCalle 79b#8-40<br \/>\nCalle de los Anticuarios<br \/>\n+57 317 6354353<br \/>\nBogot\u00e1, COLOMBIA\t\t\t\t\t\t<\/div>\n\t\t\t\t\t\t\t\t\t\t\t\t<!-- <a target=\"_blank\" href=\"https:\/\/www.google.es\/maps?q=4.662705389303747,-74.05187086313907\" class=\"a-to-gmap\">Ver en Google Maps<\/a> -->\n\t\t\t\t\t<\/div>\n\t\t\t\t\t\t\t\t\t<div class=\"et_location_outer\">\n\t\t\t\t\t\t<div class=\"et_location\">\n\t\t\t\t\t\t\t<h5>3. Ocho 43<\/h5>\n\t\t\t\t\t\t\tCl. 8 # 43C-05<br \/>\nEl Poblado<br \/>\n+57 305 2492397<br \/>\nMedell\u00edn, COLOMBIA\t\t\t\t\t\t<\/div>\n\t\t\t\t\t\t\t\t\t\t\t\t<!-- <a target=\"_blank\" href=\"https:\/\/www.google.es\/maps?q=6.209821282438587,-75.57267594232736\" class=\"a-to-gmap\">Ver en Google Maps<\/a> -->\n\t\t\t\t\t<\/div>\n\t\t\t\t\t\t\t\t\t<div class=\"et_location_outer\">\n\t\t\t\t\t\t<div class=\"et_location\">\n\t\t\t\t\t\t\t<h5>4. Barrio Latino<\/h5>\n\t\t\t\t\t\t\tCalle 16 # 103-10 - Sede Ciudad Jard\u00edn<br \/>\nLocal 10 - C.C. Casa del R\u00edo<br \/>\n+57 322 5876756<br \/>\nCali, COLOMBIA\t\t\t\t\t\t<\/div>\n\t\t\t\t\t\t\t\t\t\t\t\t<!-- <a target=\"_blank\" href=\"https:\/\/www.google.es\/maps?q=3.3650011973792933,-76.53155468871181\" class=\"a-to-gmap\">Ver en Google Maps<\/a> -->\n\t\t\t\t\t<\/div>\n\t\t\t\t\t\t\t\t\t<div class=\"et_location_outer\">\n\t\t\t\t\t\t<div class=\"et_location\">\n\t\t\t\t\t\t\t<h5>5. Barrio Latino<\/h5>\n\t\t\t\t\t\t\tAv 9 # 10-114 - Sede Granada<br \/>\n+57 321 7545294<br \/>\nCali, COLOMBIA\t\t\t\t\t\t<\/div>\n\t\t\t\t\t\t\t\t\t\t\t\t<!-- <a target=\"_blank\" href=\"https:\/\/www.google.es\/maps?q=3.456583,-76.536194\" class=\"a-to-gmap\">Ver en Google Maps<\/a> -->\n\t\t\t\t\t<\/div>\n\t\t\t\t\t\t\t\t\t<div class=\"et_location_outer\">\n\t\t\t\t\t\t<div class=\"et_location\">\n\t\t\t\t\t\t\t<h5>6. St Dom Cartagena<\/h5>\n\t\t\t\t\t\t\tCra. 3 #33 70<br \/>\nCalle Santo Domingo<br \/>\n+57 3174323485<br \/>\nCartagena, COLOMBIA\t\t\t\t\t\t<\/div>\n\t\t\t\t\t\t\t\t\t\t\t\t<!-- <a target=\"_blank\" href=\"https:\/\/www.google.es\/maps?q=10.423902436595833,-75.55208927475972\" class=\"a-to-gmap\">Ver en Google Maps<\/a> -->\n\t\t\t\t\t<\/div>\n\t\t\t\t\t\t\t\t\t<div class=\"et_location_outer\">\n\t\t\t\t\t\t<div class=\"et_location\">\n\t\t\t\t\t\t\t<h5>7. Flor Amazona<\/h5>\n\t\t\t\t\t\t\tCarrera 36 # 49-45<br \/>\nCentro Comercial la Quinta<br \/>\nLocal 302<br \/>\n+57 317 2913275<br \/>\nBucaramanga, COLOMBIA\t\t\t\t\t\t<\/div>\n\t\t\t\t\t\t\t\t\t\t\t\t<!-- <a target=\"_blank\" href=\"https:\/\/www.google.es\/maps?q=7.11547653262822,-73.10824591804526\" class=\"a-to-gmap\">Ver en Google Maps<\/a> -->\n\t\t\t\t\t<\/div>\n\t\t\t\t\t\t\t<\/div>\n\t\t\t\n\t<\/div>\n\n\t<\/div><\/div><\/div><\/div><\/div><div  class=\"sec_row container-fluid\"><div class=\"vc_row wpb_row vc_row-fluid no-padding vc_custom_1678768203016 vc_row-has-fill\"><div class=\"wpb_column vc_column_container vc_col-sm-12 et-light-column\"><div class=\"vc_column-inner\"><div class=\"wpb_wrapper\"><div class=\"vc_row wpb_row vc_inner vc_row-fluid max_width align-center\"><div class=\"wpb_column vc_column_container animation left-to-right vc_col-sm-12 vc_col-lg-4 et-dark-column\"><div class=\"vc_column-inner  vc_custom_1579728495972\"><div class=\"wpb_wrapper\">\n\t<div class=\"wpb_text_column wpb_content_element\" >\n\t\t<div class=\"wpb_wrapper\">\n\t\t\t\n\t\t<\/div>\n\t<\/div>\n<div class=\"vc_empty_space\"   style=\"height: 20px\"><span class=\"vc_empty_space_inner\"><\/span><\/div>\n\t<div class=\"wpb_text_column wpb_content_element   vc_custom_1633211622145\" >\n\t\t<div class=\"wpb_wrapper\">\n\t\t\t\n\t\t<\/div>\n\t<\/div>\n<\/div><\/div><\/div><div class=\"wpb_column vc_column_container animation right-to-left vc_col-sm-12 vc_col-lg-5 et-dark-column\"><div class=\"vc_column-inner\"><div class=\"wpb_wrapper\"><noscript class=\"ninja-forms-noscript-message\">\n\tNotice: JavaScript is required for this content.<\/noscript>\n<div id=\"nf-form-1-cont\" class=\"nf-form-cont\" aria-live=\"polite\" aria-labelledby=\"nf-form-title-1\" aria-describedby=\"nf-form-errors-1\" role=\"form\">\n\n    <div class=\"nf-loading-spinner\"><\/div>\n\n<\/div>\n        <!-- That data is being printed as a workaround to page builders reordering the order of the scripts loaded-->\n        <script>var formDisplay=1;var nfForms=nfForms||[];var form=[];form.id='1';form.settings={\"objectType\":\"Form Setting\",\"editActive\":true,\"title\":\"Cont\\u00e1ctame\",\"key\":\"\",\"created_at\":\"2021-09-11 19:19:09\",\"default_label_pos\":\"above\",\"conditions\":[],\"show_title\":\"1\",\"clear_complete\":\"1\",\"hide_complete\":\"1\",\"wrapper_class\":\"\",\"element_class\":\"\",\"add_submit\":\"1\",\"logged_in\":\"\",\"not_logged_in_msg\":\"\",\"sub_limit_number\":\"\",\"sub_limit_msg\":\"\",\"calculations\":[],\"formContentData\":[\"nombre_1633185794903\",\"email\",\"mensaje_1633185815665\",\"enviar_1633187172408\"],\"container_styles_background-color\":\"\",\"container_styles_border\":\"\",\"container_styles_border-style\":\"\",\"container_styles_border-color\":\"\",\"container_styles_color\":\"\",\"container_styles_height\":\"\",\"container_styles_width\":\"\",\"container_styles_font-size\":\"\",\"container_styles_margin\":\"\",\"container_styles_padding\":\"\",\"container_styles_display\":\"\",\"container_styles_float\":\"\",\"container_styles_show_advanced_css\":\"0\",\"container_styles_advanced\":\"\",\"title_styles_background-color\":\"\",\"title_styles_border\":\"\",\"title_styles_border-style\":\"\",\"title_styles_border-color\":\"\",\"title_styles_color\":\"\",\"title_styles_height\":\"\",\"title_styles_width\":\"\",\"title_styles_font-size\":\"\",\"title_styles_margin\":\"\",\"title_styles_padding\":\"\",\"title_styles_display\":\"\",\"title_styles_float\":\"\",\"title_styles_show_advanced_css\":\"0\",\"title_styles_advanced\":\"\",\"row_styles_background-color\":\"\",\"row_styles_border\":\"\",\"row_styles_border-style\":\"\",\"row_styles_border-color\":\"\",\"row_styles_color\":\"\",\"row_styles_height\":\"\",\"row_styles_width\":\"\",\"row_styles_font-size\":\"\",\"row_styles_margin\":\"\",\"row_styles_padding\":\"\",\"row_styles_display\":\"\",\"row_styles_show_advanced_css\":\"0\",\"row_styles_advanced\":\"\",\"row-odd_styles_background-color\":\"\",\"row-odd_styles_border\":\"\",\"row-odd_styles_border-style\":\"\",\"row-odd_styles_border-color\":\"\",\"row-odd_styles_color\":\"\",\"row-odd_styles_height\":\"\",\"row-odd_styles_width\":\"\",\"row-odd_styles_font-size\":\"\",\"row-odd_styles_margin\":\"\",\"row-odd_styles_padding\":\"\",\"row-odd_styles_display\":\"\",\"row-odd_styles_show_advanced_css\":\"0\",\"row-odd_styles_advanced\":\"\",\"success-msg_styles_background-color\":\"\",\"success-msg_styles_border\":\"\",\"success-msg_styles_border-style\":\"\",\"success-msg_styles_border-color\":\"\",\"success-msg_styles_color\":\"\",\"success-msg_styles_height\":\"\",\"success-msg_styles_width\":\"\",\"success-msg_styles_font-size\":\"\",\"success-msg_styles_margin\":\"\",\"success-msg_styles_padding\":\"\",\"success-msg_styles_display\":\"\",\"success-msg_styles_show_advanced_css\":\"0\",\"success-msg_styles_advanced\":\"\",\"error_msg_styles_background-color\":\"\",\"error_msg_styles_border\":\"\",\"error_msg_styles_border-style\":\"\",\"error_msg_styles_border-color\":\"\",\"error_msg_styles_color\":\"\",\"error_msg_styles_height\":\"\",\"error_msg_styles_width\":\"\",\"error_msg_styles_font-size\":\"\",\"error_msg_styles_margin\":\"\",\"error_msg_styles_padding\":\"\",\"error_msg_styles_display\":\"\",\"error_msg_styles_show_advanced_css\":\"0\",\"error_msg_styles_advanced\":\"\",\"allow_public_link\":0,\"public_link\":\"https:\\\/\\\/juanagomezofficial.com\\\/ninja-forms\\\/1eqqr\",\"embed_form\":\"\",\"changeEmailErrorMsg\":\"Please enter a valid email address!\",\"changeDateErrorMsg\":\"Please enter a valid date!\",\"confirmFieldErrorMsg\":\"These fields must match!\",\"fieldNumberNumMinError\":\"Number Min Error\",\"fieldNumberNumMaxError\":\"Number Max Error\",\"fieldNumberIncrementBy\":\"Please increment by \",\"formErrorsCorrectErrors\":\"Please correct errors before submitting this form.\",\"validateRequiredField\":\"This is a required field.\",\"honeypotHoneypotError\":\"Honeypot Error\",\"fieldsMarkedRequired\":\"Fields marked with an <span class=\\\"ninja-forms-req-symbol\\\">*<\\\/span> are required\",\"currency\":\"\",\"repeatable_fieldsets\":\"\",\"unique_field_error\":\"Ya se ha enviado un formulario con este valor.\",\"public_link_key\":\"1eqqr\",\"drawerDisabled\":false,\"ninjaForms\":\"Ninja Forms\",\"fieldTextareaRTEInsertLink\":\"Insert Link\",\"fieldTextareaRTEInsertMedia\":\"Insert Media\",\"fieldTextareaRTESelectAFile\":\"Select a file\",\"formHoneypot\":\"If you are a human seeing this field, please leave it empty.\",\"fileUploadOldCodeFileUploadInProgress\":\"File Upload in Progress.\",\"fileUploadOldCodeFileUpload\":\"FILE UPLOAD\",\"currencySymbol\":false,\"thousands_sep\":\",\",\"decimal_point\":\".\",\"siteLocale\":\"en_US\",\"dateFormat\":\"m\\\/d\\\/Y\",\"startOfWeek\":\"1\",\"of\":\"of\",\"previousMonth\":\"Previous Month\",\"nextMonth\":\"Next Month\",\"months\":[\"January\",\"February\",\"March\",\"April\",\"May\",\"June\",\"July\",\"August\",\"September\",\"October\",\"November\",\"December\"],\"monthsShort\":[\"Jan\",\"Feb\",\"Mar\",\"Apr\",\"May\",\"Jun\",\"Jul\",\"Aug\",\"Sep\",\"Oct\",\"Nov\",\"Dec\"],\"weekdays\":[\"Sunday\",\"Monday\",\"Tuesday\",\"Wednesday\",\"Thursday\",\"Friday\",\"Saturday\"],\"weekdaysShort\":[\"Sun\",\"Mon\",\"Tue\",\"Wed\",\"Thu\",\"Fri\",\"Sat\"],\"weekdaysMin\":[\"Su\",\"Mo\",\"Tu\",\"We\",\"Th\",\"Fr\",\"Sa\"],\"recaptchaConsentMissing\":\"reCaptcha validation couldn&#039;t load.\",\"recaptchaMissingCookie\":\"reCaptcha v3 validation couldn&#039;t load the cookie needed to submit the form.\",\"recaptchaConsentEvent\":\"Accept reCaptcha cookies before sending the form.\",\"currency_symbol\":\"\",\"beforeForm\":\"\",\"beforeFields\":\"\",\"afterFields\":\"\",\"afterForm\":\"\"};form.fields=[{\"objectType\":\"Field\",\"objectDomain\":\"fields\",\"editActive\":false,\"order\":1,\"idAttribute\":\"id\",\"label\":\"Nombre\",\"key\":\"nombre_1633185794903\",\"type\":\"textbox\",\"created_at\":\"2021-09-11 19:19:09\",\"label_pos\":\"above\",\"required\":1,\"placeholder\":\"\",\"default\":\"\",\"wrapper_class\":\"\",\"element_class\":\"\",\"container_class\":\"\",\"input_limit\":\"\",\"input_limit_type\":\"characters\",\"input_limit_msg\":\"Character(s) left\",\"manual_key\":\"\",\"disable_input\":\"\",\"admin_label\":\"\",\"help_text\":\"\",\"desc_text\":\"\",\"disable_browser_autocomplete\":\"\",\"mask\":\"\",\"custom_mask\":\"\",\"wrap_styles_background-color\":\"\",\"wrap_styles_border\":\"\",\"wrap_styles_border-style\":\"\",\"wrap_styles_border-color\":\"\",\"wrap_styles_color\":\"\",\"wrap_styles_height\":\"\",\"wrap_styles_width\":\"\",\"wrap_styles_font-size\":\"\",\"wrap_styles_margin\":\"\",\"wrap_styles_padding\":\"\",\"wrap_styles_display\":\"\",\"wrap_styles_float\":\"\",\"wrap_styles_show_advanced_css\":0,\"wrap_styles_advanced\":\"\",\"label_styles_background-color\":\"\",\"label_styles_border\":\"\",\"label_styles_border-style\":\"\",\"label_styles_border-color\":\"\",\"label_styles_color\":\"\",\"label_styles_height\":\"\",\"label_styles_width\":\"\",\"label_styles_font-size\":\"\",\"label_styles_margin\":\"\",\"label_styles_padding\":\"\",\"label_styles_display\":\"\",\"label_styles_float\":\"\",\"label_styles_show_advanced_css\":0,\"label_styles_advanced\":\"\",\"element_styles_background-color\":\"\",\"element_styles_border\":\"\",\"element_styles_border-style\":\"\",\"element_styles_border-color\":\"\",\"element_styles_color\":\"\",\"element_styles_height\":\"\",\"element_styles_width\":\"\",\"element_styles_font-size\":\"\",\"element_styles_margin\":\"\",\"element_styles_padding\":\"\",\"element_styles_display\":\"\",\"element_styles_float\":\"\",\"element_styles_show_advanced_css\":0,\"element_styles_advanced\":\"\",\"cellcid\":\"c3277\",\"custom_name_attribute\":\"\",\"personally_identifiable\":\"\",\"value\":\"\",\"drawerDisabled\":false,\"id\":1,\"beforeField\":\"\",\"afterField\":\"\",\"parentType\":\"textbox\",\"element_templates\":[\"textbox\",\"input\"],\"old_classname\":\"\",\"wrap_template\":\"wrap\"},{\"objectType\":\"Field\",\"objectDomain\":\"fields\",\"editActive\":false,\"order\":2,\"idAttribute\":\"id\",\"label\":\"Email\",\"key\":\"email\",\"type\":\"email\",\"created_at\":\"2021-09-11 19:19:09\",\"label_pos\":\"above\",\"required\":1,\"placeholder\":\"\",\"default\":\"\",\"wrapper_class\":\"\",\"element_class\":\"\",\"container_class\":\"\",\"admin_label\":\"\",\"help_text\":\"\",\"desc_text\":\"\",\"wrap_styles_background-color\":\"\",\"wrap_styles_border\":\"\",\"wrap_styles_border-style\":\"\",\"wrap_styles_border-color\":\"\",\"wrap_styles_color\":\"\",\"wrap_styles_height\":\"\",\"wrap_styles_width\":\"\",\"wrap_styles_font-size\":\"\",\"wrap_styles_margin\":\"\",\"wrap_styles_padding\":\"\",\"wrap_styles_display\":\"\",\"wrap_styles_float\":\"\",\"wrap_styles_show_advanced_css\":0,\"wrap_styles_advanced\":\"\",\"label_styles_background-color\":\"\",\"label_styles_border\":\"\",\"label_styles_border-style\":\"\",\"label_styles_border-color\":\"\",\"label_styles_color\":\"\",\"label_styles_height\":\"\",\"label_styles_width\":\"\",\"label_styles_font-size\":\"\",\"label_styles_margin\":\"\",\"label_styles_padding\":\"\",\"label_styles_display\":\"\",\"label_styles_float\":\"\",\"label_styles_show_advanced_css\":0,\"label_styles_advanced\":\"\",\"element_styles_background-color\":\"\",\"element_styles_border\":\"\",\"element_styles_border-style\":\"\",\"element_styles_border-color\":\"\",\"element_styles_color\":\"\",\"element_styles_height\":\"\",\"element_styles_width\":\"\",\"element_styles_font-size\":\"\",\"element_styles_margin\":\"\",\"element_styles_padding\":\"\",\"element_styles_display\":\"\",\"element_styles_float\":\"\",\"element_styles_show_advanced_css\":0,\"element_styles_advanced\":\"\",\"cellcid\":\"c3281\",\"custom_name_attribute\":\"email\",\"personally_identifiable\":1,\"value\":\"\",\"drawerDisabled\":false,\"id\":2,\"beforeField\":\"\",\"afterField\":\"\",\"parentType\":\"email\",\"element_templates\":[\"email\",\"input\"],\"old_classname\":\"\",\"wrap_template\":\"wrap\"},{\"objectType\":\"Field\",\"objectDomain\":\"fields\",\"editActive\":false,\"order\":3,\"idAttribute\":\"id\",\"label\":\"Mensaje\",\"key\":\"mensaje_1633185815665\",\"type\":\"textarea\",\"created_at\":\"2021-09-11 19:19:09\",\"label_pos\":\"above\",\"required\":1,\"placeholder\":\"\",\"default\":\"\",\"wrapper_class\":\"\",\"element_class\":\"\",\"container_class\":\"\",\"input_limit\":\"\",\"input_limit_type\":\"characters\",\"input_limit_msg\":\"Character(s) left\",\"manual_key\":\"\",\"disable_input\":\"\",\"admin_label\":\"\",\"help_text\":\"\",\"desc_text\":\"\",\"disable_browser_autocomplete\":\"\",\"textarea_rte\":\"\",\"disable_rte_mobile\":\"\",\"textarea_media\":\"\",\"wrap_styles_background-color\":\"\",\"wrap_styles_border\":\"\",\"wrap_styles_border-style\":\"\",\"wrap_styles_border-color\":\"\",\"wrap_styles_color\":\"\",\"wrap_styles_height\":\"\",\"wrap_styles_width\":\"\",\"wrap_styles_font-size\":\"\",\"wrap_styles_margin\":\"\",\"wrap_styles_padding\":\"\",\"wrap_styles_display\":\"\",\"wrap_styles_float\":\"\",\"wrap_styles_show_advanced_css\":0,\"wrap_styles_advanced\":\"\",\"label_styles_background-color\":\"\",\"label_styles_border\":\"\",\"label_styles_border-style\":\"\",\"label_styles_border-color\":\"\",\"label_styles_color\":\"\",\"label_styles_height\":\"\",\"label_styles_width\":\"\",\"label_styles_font-size\":\"\",\"label_styles_margin\":\"\",\"label_styles_padding\":\"\",\"label_styles_display\":\"\",\"label_styles_float\":\"\",\"label_styles_show_advanced_css\":0,\"label_styles_advanced\":\"\",\"element_styles_background-color\":\"\",\"element_styles_border\":\"\",\"element_styles_border-style\":\"\",\"element_styles_border-color\":\"\",\"element_styles_color\":\"\",\"element_styles_height\":\"\",\"element_styles_width\":\"\",\"element_styles_font-size\":\"\",\"element_styles_margin\":\"\",\"element_styles_padding\":\"\",\"element_styles_display\":\"\",\"element_styles_float\":\"\",\"element_styles_show_advanced_css\":0,\"element_styles_advanced\":\"\",\"cellcid\":\"c3284\",\"value\":\"\",\"drawerDisabled\":false,\"id\":3,\"beforeField\":\"\",\"afterField\":\"\",\"parentType\":\"textarea\",\"element_templates\":[\"textarea\",\"input\"],\"old_classname\":\"\",\"wrap_template\":\"wrap\"},{\"objectType\":\"Field\",\"objectDomain\":\"fields\",\"editActive\":false,\"order\":5,\"idAttribute\":\"id\",\"label\":\"Enviar\",\"key\":\"enviar_1633187172408\",\"type\":\"submit\",\"created_at\":\"2021-09-11 19:19:09\",\"processing_label\":\"Processing\",\"container_class\":\"\",\"element_class\":\"\",\"wrap_styles_background-color\":\"\",\"wrap_styles_border\":\"\",\"wrap_styles_border-style\":\"\",\"wrap_styles_border-color\":\"\",\"wrap_styles_color\":\"\",\"wrap_styles_height\":\"\",\"wrap_styles_width\":\"\",\"wrap_styles_font-size\":\"\",\"wrap_styles_margin\":\"\",\"wrap_styles_padding\":\"\",\"wrap_styles_display\":\"\",\"wrap_styles_float\":\"\",\"wrap_styles_show_advanced_css\":0,\"wrap_styles_advanced\":\"\",\"label_styles_background-color\":\"\",\"label_styles_border\":\"\",\"label_styles_border-style\":\"\",\"label_styles_border-color\":\"\",\"label_styles_color\":\"\",\"label_styles_height\":\"\",\"label_styles_width\":\"\",\"label_styles_font-size\":\"\",\"label_styles_margin\":\"\",\"label_styles_padding\":\"\",\"label_styles_display\":\"\",\"label_styles_float\":\"\",\"label_styles_show_advanced_css\":0,\"label_styles_advanced\":\"\",\"element_styles_background-color\":\"\",\"element_styles_border\":\"\",\"element_styles_border-style\":\"\",\"element_styles_border-color\":\"\",\"element_styles_color\":\"\",\"element_styles_height\":\"\",\"element_styles_width\":\"\",\"element_styles_font-size\":\"\",\"element_styles_margin\":\"\",\"element_styles_padding\":\"\",\"element_styles_display\":\"\",\"element_styles_float\":\"\",\"element_styles_show_advanced_css\":0,\"element_styles_advanced\":\"\",\"submit_element_hover_styles_background-color\":\"\",\"submit_element_hover_styles_border\":\"\",\"submit_element_hover_styles_border-style\":\"\",\"submit_element_hover_styles_border-color\":\"\",\"submit_element_hover_styles_color\":\"\",\"submit_element_hover_styles_height\":\"\",\"submit_element_hover_styles_width\":\"\",\"submit_element_hover_styles_font-size\":\"\",\"submit_element_hover_styles_margin\":\"\",\"submit_element_hover_styles_padding\":\"\",\"submit_element_hover_styles_display\":\"\",\"submit_element_hover_styles_float\":\"\",\"submit_element_hover_styles_show_advanced_css\":0,\"submit_element_hover_styles_advanced\":\"\",\"cellcid\":\"c3287\",\"drawerDisabled\":false,\"id\":4,\"beforeField\":\"\",\"afterField\":\"\",\"value\":\"\",\"label_pos\":\"above\",\"parentType\":\"textbox\",\"element_templates\":[\"submit\",\"button\",\"input\"],\"old_classname\":\"\",\"wrap_template\":\"wrap-no-label\"}];nfForms.push(form);<\/script>\n        <\/div><\/div><\/div><\/div><\/div><\/div><\/div><\/div><\/div>\n<\/div>","protected":false},"excerpt":{"rendered":"Encu\u00e9ntranos Vis\u00edtanos en las mejores vitrinas de talento Colombiano y conoce las historias detr\u00e1s de nuestros productos. 1. Juana Gomez Showroom Carrera 13 # 79-17 +57 319 5523416 Detr\u00e1s de CC Atlantis Bogot\u00e1, COLOMBIA 2. St Dom Calle 79b#8-40 Calle de los Anticuarios +57 317 6354353 Bogot\u00e1, COLOMBIA 3. Ocho [...]","protected":false},"author":1,"featured_media":3545,"parent":0,"menu_order":0,"comment_status":"closed","ping_status":"closed","template":"","meta":{"footnotes":""},"class_list":["post-2242","page","type-page","status-publish","has-post-thumbnail","hentry"],"_links":{"self":[{"href":"https:\/\/juanagomezofficial.com\/en\/wp-json\/wp\/v2\/pages\/2242","targetHints":{"allow":["GET"]}}],"collection":[{"href":"https:\/\/juanagomezofficial.com\/en\/wp-json\/wp\/v2\/pages"}],"about":[{"href":"https:\/\/juanagomezofficial.com\/en\/wp-json\/wp\/v2\/types\/page"}],"author":[{"embeddable":true,"href":"https:\/\/juanagomezofficial.com\/en\/wp-json\/wp\/v2\/users\/1"}],"replies":[{"embeddable":true,"href":"https:\/\/juanagomezofficial.com\/en\/wp-json\/wp\/v2\/comments?post=2242"}],"version-history":[{"count":0,"href":"https:\/\/juanagomezofficial.com\/en\/wp-json\/wp\/v2\/pages\/2242\/revisions"}],"wp:featuredmedia":[{"embeddable":true,"href":"https:\/\/juanagomezofficial.com\/en\/wp-json\/wp\/v2\/media\/3545"}],"wp:attachment":[{"href":"https:\/\/juanagomezofficial.com\/en\/wp-json\/wp\/v2\/media?parent=2242"}],"curies":[{"name":"wp","href":"https:\/\/api.w.org\/{rel}","templated":true}]}}